{"id":2900,"date":"2024-10-30T14:22:43","date_gmt":"2024-10-30T14:22:43","guid":{"rendered":"https:\/\/symphonie-sucree.com\/?post_type=product&#038;p=2900"},"modified":"2024-11-11T17:30:40","modified_gmt":"2024-11-11T17:30:40","slug":"all-chocolate-cookie-copie","status":"publish","type":"product","link":"https:\/\/symphonie-sucree.com\/en\/produits\/all-chocolate-cookie-copie","title":{"rendered":"Chocolate chip cookies"},"content":{"rendered":"<p>Our chocolate chip cookies are a classic revisited with a generous touch of melting chocolate in every bite! Crunchy on the outside and tender on the inside, these cookies are perfect for a sweet break or to accompany a good cup of coffee. <\/p>\n","protected":false},"excerpt":{"rendered":"<p>Classic and irresistible, our chocolate chip cookies offer a delicious melting crunch!<\/p>\n","protected":false},"featured_media":2904,"comment_status":"open","ping_status":"closed","template":"","meta":[],"product_brand":[],"product_cat":[15],"product_tag":[61,62],"class_list":{"0":"post-2900","1":"product","2":"type-product","3":"status-publish","4":"has-post-thumbnail","6":"product_cat-uncategorized","7":"product_tag-cookies","8":"product_tag-vegan-en","9":"tm-has-options","11":"first","12":"instock","13":"purchasable","14":"product-type-simple"},"yoast_head":"<!-- This site is optimized with the Yoast SEO plugin v27.3 - https:\/\/yoast.com\/product\/yoast-seo-wordpress\/ -->\n<title>Chocolate chip cookies - Symphonie Sucr\u00e9e<\/title>\n<meta name=\"robots\" content=\"index, follow, max-snippet:-1, max-image-preview:large, max-video-preview:-1\" \/>\n<link rel=\"canonical\" href=\"https:\/\/symphonie-sucree.com\/en\/produits\/all-chocolate-cookie-copie\" \/>\n<meta property=\"og:locale\" content=\"en_US\" \/>\n<meta property=\"og:type\" content=\"article\" \/>\n<meta property=\"og:title\" content=\"Chocolate chip cookies - Symphonie Sucr\u00e9e\" \/>\n<meta property=\"og:description\" content=\"Classic and irresistible, our chocolate chip cookies offer a delicious melting crunch!\" \/>\n<meta property=\"og:url\" content=\"https:\/\/symphonie-sucree.com\/en\/produits\/all-chocolate-cookie-copie\" \/>\n<meta property=\"og:site_name\" content=\"Symphonie Sucr\u00e9e\" \/>\n<meta property=\"article:publisher\" content=\"https:\/\/www.facebook.com\/symphoniesucree\" \/>\n<meta property=\"article:modified_time\" content=\"2024-11-11T17:30:40+00:00\" \/>\n<meta property=\"og:image\" content=\"https:\/\/symphonie-sucree.com\/wp-content\/uploads\/2024\/10\/biscuit-pepite.jpg\" \/>\n\t<meta property=\"og:image:width\" content=\"1000\" \/>\n\t<meta property=\"og:image:height\" content=\"1000\" \/>\n\t<meta property=\"og:image:type\" content=\"image\/jpeg\" \/>\n<meta name=\"twitter:card\" content=\"summary_large_image\" \/>\n<script type=\"application\/ld+json\" class=\"yoast-schema-graph\">{\"@context\":\"https:\\\/\\\/schema.org\",\"@graph\":[{\"@type\":\"WebPage\",\"@id\":\"https:\\\/\\\/symphonie-sucree.com\\\/en\\\/produits\\\/all-chocolate-cookie-copie\",\"url\":\"https:\\\/\\\/symphonie-sucree.com\\\/en\\\/produits\\\/all-chocolate-cookie-copie\",\"name\":\"Chocolate chip cookies - Symphonie Sucr\u00e9e\",\"isPartOf\":{\"@id\":\"https:\\\/\\\/symphonie-sucree.com\\\/en#website\"},\"primaryImageOfPage\":{\"@id\":\"https:\\\/\\\/symphonie-sucree.com\\\/en\\\/produits\\\/all-chocolate-cookie-copie#primaryimage\"},\"image\":{\"@id\":\"https:\\\/\\\/symphonie-sucree.com\\\/en\\\/produits\\\/all-chocolate-cookie-copie#primaryimage\"},\"thumbnailUrl\":\"https:\\\/\\\/symphonie-sucree.com\\\/wp-content\\\/uploads\\\/2024\\\/10\\\/biscuit-pepite.jpg\",\"datePublished\":\"2024-10-30T14:22:43+00:00\",\"dateModified\":\"2024-11-11T17:30:40+00:00\",\"breadcrumb\":{\"@id\":\"https:\\\/\\\/symphonie-sucree.com\\\/en\\\/produits\\\/all-chocolate-cookie-copie#breadcrumb\"},\"inLanguage\":\"en-US\",\"potentialAction\":[{\"@type\":\"ReadAction\",\"target\":[\"https:\\\/\\\/symphonie-sucree.com\\\/en\\\/produits\\\/all-chocolate-cookie-copie\"]}]},{\"@type\":\"ImageObject\",\"inLanguage\":\"en-US\",\"@id\":\"https:\\\/\\\/symphonie-sucree.com\\\/en\\\/produits\\\/all-chocolate-cookie-copie#primaryimage\",\"url\":\"https:\\\/\\\/symphonie-sucree.com\\\/wp-content\\\/uploads\\\/2024\\\/10\\\/biscuit-pepite.jpg\",\"contentUrl\":\"https:\\\/\\\/symphonie-sucree.com\\\/wp-content\\\/uploads\\\/2024\\\/10\\\/biscuit-pepite.jpg\",\"width\":1000,\"height\":1000},{\"@type\":\"BreadcrumbList\",\"@id\":\"https:\\\/\\\/symphonie-sucree.com\\\/en\\\/produits\\\/all-chocolate-cookie-copie#breadcrumb\",\"itemListElement\":[{\"@type\":\"ListItem\",\"position\":1,\"name\":\"Home\",\"item\":\"https:\\\/\\\/symphonie-sucree.com\\\/en\"},{\"@type\":\"ListItem\",\"position\":2,\"name\":\"Products\",\"item\":\"https:\\\/\\\/symphonie-sucree.com\\\/en\\\/products\"},{\"@type\":\"ListItem\",\"position\":3,\"name\":\"Chocolate chip cookies\"}]},{\"@type\":\"WebSite\",\"@id\":\"https:\\\/\\\/symphonie-sucree.com\\\/en#website\",\"url\":\"https:\\\/\\\/symphonie-sucree.com\\\/en\",\"name\":\"Symphonie Sucre\",\"description\":\"Caf\u00e9 et p\u00e2tisserie artisanale \u00e0 Longueuil\",\"publisher\":{\"@id\":\"https:\\\/\\\/symphonie-sucree.com\\\/en#organization\"},\"potentialAction\":[{\"@type\":\"SearchAction\",\"target\":{\"@type\":\"EntryPoint\",\"urlTemplate\":\"https:\\\/\\\/symphonie-sucree.com\\\/en?s={search_term_string}\"},\"query-input\":{\"@type\":\"PropertyValueSpecification\",\"valueRequired\":true,\"valueName\":\"search_term_string\"}}],\"inLanguage\":\"en-US\"},{\"@type\":\"Organization\",\"@id\":\"https:\\\/\\\/symphonie-sucree.com\\\/en#organization\",\"name\":\"Symphonie Sucre\",\"url\":\"https:\\\/\\\/symphonie-sucree.com\\\/en\",\"logo\":{\"@type\":\"ImageObject\",\"inLanguage\":\"en-US\",\"@id\":\"https:\\\/\\\/symphonie-sucree.com\\\/en#\\\/schema\\\/logo\\\/image\\\/\",\"url\":\"https:\\\/\\\/symphonie-sucree.com\\\/wp-content\\\/uploads\\\/2024\\\/08\\\/logo_caramel_rond.png\",\"contentUrl\":\"https:\\\/\\\/symphonie-sucree.com\\\/wp-content\\\/uploads\\\/2024\\\/08\\\/logo_caramel_rond.png\",\"width\":661,\"height\":661,\"caption\":\"Symphonie Sucre\"},\"image\":{\"@id\":\"https:\\\/\\\/symphonie-sucree.com\\\/en#\\\/schema\\\/logo\\\/image\\\/\"},\"sameAs\":[\"https:\\\/\\\/www.facebook.com\\\/symphoniesucree\",\"https:\\\/\\\/www.instagram.com\\\/symphonie.sucree\\\/\"]}]}<\/script>\n<!-- \/ Yoast SEO plugin. -->","yoast_head_json":{"title":"Chocolate chip cookies - Symphonie Sucr\u00e9e","robots":{"index":"index","follow":"follow","max-snippet":"max-snippet:-1","max-image-preview":"max-image-preview:large","max-video-preview":"max-video-preview:-1"},"canonical":"https:\/\/symphonie-sucree.com\/en\/produits\/all-chocolate-cookie-copie","og_locale":"en_US","og_type":"article","og_title":"Chocolate chip cookies - Symphonie Sucr\u00e9e","og_description":"Classic and irresistible, our chocolate chip cookies offer a delicious melting crunch!","og_url":"https:\/\/symphonie-sucree.com\/en\/produits\/all-chocolate-cookie-copie","og_site_name":"Symphonie Sucr\u00e9e","article_publisher":"https:\/\/www.facebook.com\/symphoniesucree","article_modified_time":"2024-11-11T17:30:40+00:00","og_image":[{"width":1000,"height":1000,"url":"https:\/\/symphonie-sucree.com\/wp-content\/uploads\/2024\/10\/biscuit-pepite.jpg","type":"image\/jpeg"}],"twitter_card":"summary_large_image","schema":{"@context":"https:\/\/schema.org","@graph":[{"@type":"WebPage","@id":"https:\/\/symphonie-sucree.com\/en\/produits\/all-chocolate-cookie-copie","url":"https:\/\/symphonie-sucree.com\/en\/produits\/all-chocolate-cookie-copie","name":"Chocolate chip cookies - Symphonie Sucr\u00e9e","isPartOf":{"@id":"https:\/\/symphonie-sucree.com\/en#website"},"primaryImageOfPage":{"@id":"https:\/\/symphonie-sucree.com\/en\/produits\/all-chocolate-cookie-copie#primaryimage"},"image":{"@id":"https:\/\/symphonie-sucree.com\/en\/produits\/all-chocolate-cookie-copie#primaryimage"},"thumbnailUrl":"https:\/\/symphonie-sucree.com\/wp-content\/uploads\/2024\/10\/biscuit-pepite.jpg","datePublished":"2024-10-30T14:22:43+00:00","dateModified":"2024-11-11T17:30:40+00:00","breadcrumb":{"@id":"https:\/\/symphonie-sucree.com\/en\/produits\/all-chocolate-cookie-copie#breadcrumb"},"inLanguage":"en-US","potentialAction":[{"@type":"ReadAction","target":["https:\/\/symphonie-sucree.com\/en\/produits\/all-chocolate-cookie-copie"]}]},{"@type":"ImageObject","inLanguage":"en-US","@id":"https:\/\/symphonie-sucree.com\/en\/produits\/all-chocolate-cookie-copie#primaryimage","url":"https:\/\/symphonie-sucree.com\/wp-content\/uploads\/2024\/10\/biscuit-pepite.jpg","contentUrl":"https:\/\/symphonie-sucree.com\/wp-content\/uploads\/2024\/10\/biscuit-pepite.jpg","width":1000,"height":1000},{"@type":"BreadcrumbList","@id":"https:\/\/symphonie-sucree.com\/en\/produits\/all-chocolate-cookie-copie#breadcrumb","itemListElement":[{"@type":"ListItem","position":1,"name":"Home","item":"https:\/\/symphonie-sucree.com\/en"},{"@type":"ListItem","position":2,"name":"Products","item":"https:\/\/symphonie-sucree.com\/en\/products"},{"@type":"ListItem","position":3,"name":"Chocolate chip cookies"}]},{"@type":"WebSite","@id":"https:\/\/symphonie-sucree.com\/en#website","url":"https:\/\/symphonie-sucree.com\/en","name":"Symphonie Sucre","description":"Caf\u00e9 et p\u00e2tisserie artisanale \u00e0 Longueuil","publisher":{"@id":"https:\/\/symphonie-sucree.com\/en#organization"},"potentialAction":[{"@type":"SearchAction","target":{"@type":"EntryPoint","urlTemplate":"https:\/\/symphonie-sucree.com\/en?s={search_term_string}"},"query-input":{"@type":"PropertyValueSpecification","valueRequired":true,"valueName":"search_term_string"}}],"inLanguage":"en-US"},{"@type":"Organization","@id":"https:\/\/symphonie-sucree.com\/en#organization","name":"Symphonie Sucre","url":"https:\/\/symphonie-sucree.com\/en","logo":{"@type":"ImageObject","inLanguage":"en-US","@id":"https:\/\/symphonie-sucree.com\/en#\/schema\/logo\/image\/","url":"https:\/\/symphonie-sucree.com\/wp-content\/uploads\/2024\/08\/logo_caramel_rond.png","contentUrl":"https:\/\/symphonie-sucree.com\/wp-content\/uploads\/2024\/08\/logo_caramel_rond.png","width":661,"height":661,"caption":"Symphonie Sucre"},"image":{"@id":"https:\/\/symphonie-sucree.com\/en#\/schema\/logo\/image\/"},"sameAs":["https:\/\/www.facebook.com\/symphoniesucree","https:\/\/www.instagram.com\/symphonie.sucree\/"]}]}},"_links":{"self":[{"href":"https:\/\/symphonie-sucree.com\/en\/wp-json\/wp\/v2\/product\/2900","targetHints":{"allow":["GET"]}}],"collection":[{"href":"https:\/\/symphonie-sucree.com\/en\/wp-json\/wp\/v2\/product"}],"about":[{"href":"https:\/\/symphonie-sucree.com\/en\/wp-json\/wp\/v2\/types\/product"}],"replies":[{"embeddable":true,"href":"https:\/\/symphonie-sucree.com\/en\/wp-json\/wp\/v2\/comments?post=2900"}],"wp:featuredmedia":[{"embeddable":true,"href":"https:\/\/symphonie-sucree.com\/en\/wp-json\/wp\/v2\/media\/2904"}],"wp:attachment":[{"href":"https:\/\/symphonie-sucree.com\/en\/wp-json\/wp\/v2\/media?parent=2900"}],"wp:term":[{"taxonomy":"product_brand","embeddable":true,"href":"https:\/\/symphonie-sucree.com\/en\/wp-json\/wp\/v2\/product_brand?post=2900"},{"taxonomy":"product_cat","embeddable":true,"href":"https:\/\/symphonie-sucree.com\/en\/wp-json\/wp\/v2\/product_cat?post=2900"},{"taxonomy":"product_tag","embeddable":true,"href":"https:\/\/symphonie-sucree.com\/en\/wp-json\/wp\/v2\/product_tag?post=2900"}],"curies":[{"name":"wp","href":"https:\/\/api.w.org\/{rel}","templated":true}]}}