{"id":2894,"date":"2024-10-30T01:35:46","date_gmt":"2024-10-30T01:35:46","guid":{"rendered":"https:\/\/symphonie-sucree.com\/?post_type=product&#038;p=2894"},"modified":"2025-01-08T21:35:30","modified_gmt":"2025-01-08T21:35:30","slug":"cookies-copie","status":"publish","type":"product","link":"https:\/\/symphonie-sucree.com\/en\/produits\/cookies-copie","title":{"rendered":"Personalized cupcakes"},"content":{"rendered":"<h3>Personalized cupcakes<\/h3>\n<p>Discover the art of personalizing your desserts with our one-of-a-kind cupcakes, tailor-made to meet all your gourmet and thematic desires! At Symphonie Sucr\u00e9e, in Saint-Hubert, Longueuil, we offer a personalized cupcake service that will add a sweet and elegant touch to your special events. Whether it&#8217;s for a birthday, wedding, baby shower, corporate party or any other celebration, our creations are designed to amaze your guests as much by their appearance as by their taste.  <\/p>\n<h3>We offer three levels of customization to suit every style and budget:<\/h3>\n<ol>\n<li><strong>L&#8217;Essentiel Gourmand<\/strong>: A tasty icing applied with 1 to 3 piping effects, enhanced with colorful pearls and vermicelli. Simple and elegant, these cupcakes are perfect for a festive touch. <\/li>\n<li><strong>L&#8217;\u00c9clat Cr\u00e9atif<\/strong>: In addition to the meticulous icing, half the cupcakes in your box are embellished with edible images or personalized fondant elements, adding an artistic dimension to your dessert.<\/li>\n<li><strong>L&#8217;Expression Sucr\u00e9e<\/strong>: For complete personalization, each cupcake is adorned with edible images or fondant decorations, transforming your desserts into veritable works of art.<\/li>\n<\/ol>\n<p>Our cupcakes aren&#8217;t just beautiful, they&#8217;re delicious! Made with fresh, quality ingredients, they come in a variety of flavors, from classic vanilla to intense chocolate, as well as original options to suit your preferences. <\/p>\n<h3>Order lead times<\/h3>\n<p>Order your personalized cupcakes today! Please note that to guarantee the quality of our creations, a minimum order time of one week is required. We can take orders under this time, but depending on how full our order book is, an additional charge of $5 to $10 may be added. Treat your guests to a memorable dessert and savor every moment of your event with cupcakes designed especially for you.  <\/p>\n<h3>And a cake?<\/h3>\n<p>Would you like a cake to go with your cupcakes? We can do that too! Visit our <a href=\"https:\/\/symphonie-sucree.com\/produits\/gateaux-personnalises\">personalized cake configurator<\/a>!  <\/p>\n","protected":false},"excerpt":{"rendered":"<p>Give the gift of a unique dessert with our personalized cupcakes! Whether for a birthday, wedding or any other celebration, our handmade cupcakes add a gourmet, artistic touch to your events. Choose from three levels of personalization: elegant icing with pearls and sprinkles, fondant decorations on part of your cupcakes, or fully personalized creations with edible images or fondant elements on each piece. Made in Saint-Hubert, Longueuil, our cupcakes combine authentic flavors and unique designs to amaze your guests. Order at least one week in advance and transform your desserts into true works of art! *We can take orders under this timeframe, but depending on how full our order book is, additional charges of $5 to $10 may apply. <\/p>\n","protected":false},"featured_media":4527,"comment_status":"open","ping_status":"closed","template":"","meta":[],"product_brand":[],"product_cat":[68],"product_tag":[61],"class_list":{"0":"post-2894","1":"product","2":"type-product","3":"status-publish","4":"has-post-thumbnail","6":"product_cat-cupcake-et-cie-en","7":"product_tag-cookies","8":"tm-has-options","10":"first","11":"instock","12":"purchasable","13":"product-type-simple"},"yoast_head":"<!-- This site is optimized with the Yoast SEO plugin v27.3 - https:\/\/yoast.com\/product\/yoast-seo-wordpress\/ -->\n<title>Personalized cupcakes - Symphonie Sucr\u00e9e- Saint Hubert - Longueuil<\/title>\n<meta name=\"description\" content=\"Customized cupcakes in Saint-Hubert, Longueuil: cream, pearls, edible images and fondant, many customizations for unique desserts.\" \/>\n<meta name=\"robots\" content=\"index, follow, max-snippet:-1, max-image-preview:large, max-video-preview:-1\" \/>\n<link rel=\"canonical\" href=\"https:\/\/symphonie-sucree.com\/en\/produits\/cookies-copie\" \/>\n<meta property=\"og:locale\" content=\"en_US\" \/>\n<meta property=\"og:type\" content=\"article\" \/>\n<meta property=\"og:title\" content=\"Personalized cupcakes\" \/>\n<meta property=\"og:description\" content=\"Customized cupcakes in Saint-Hubert, Longueuil: cream, pearls, edible images and fondant, many customizations for unique desserts.\" \/>\n<meta property=\"og:url\" content=\"https:\/\/symphonie-sucree.com\/en\/produits\/cookies-copie\" \/>\n<meta property=\"og:site_name\" content=\"Symphonie Sucr\u00e9e\" \/>\n<meta property=\"article:publisher\" content=\"https:\/\/www.facebook.com\/symphoniesucree\" \/>\n<meta property=\"article:modified_time\" content=\"2025-01-08T21:35:30+00:00\" \/>\n<meta property=\"og:image\" content=\"https:\/\/symphonie-sucree.com\/wp-content\/uploads\/2025\/01\/cupcake-nouvelan-300x300.jpg\" \/>\n<meta name=\"twitter:card\" content=\"summary_large_image\" \/>\n<meta name=\"twitter:label1\" content=\"Est. reading time\" \/>\n\t<meta name=\"twitter:data1\" content=\"2 minutes\" \/>\n<script type=\"application\/ld+json\" class=\"yoast-schema-graph\">{\"@context\":\"https:\\\/\\\/schema.org\",\"@graph\":[{\"@type\":\"WebPage\",\"@id\":\"https:\\\/\\\/symphonie-sucree.com\\\/en\\\/produits\\\/cookies-copie\",\"url\":\"https:\\\/\\\/symphonie-sucree.com\\\/en\\\/produits\\\/cookies-copie\",\"name\":\"Personalized cupcakes - Symphonie Sucr\u00e9e- Saint Hubert - Longueuil\",\"isPartOf\":{\"@id\":\"https:\\\/\\\/symphonie-sucree.com\\\/en#website\"},\"primaryImageOfPage\":{\"@id\":\"https:\\\/\\\/symphonie-sucree.com\\\/en\\\/produits\\\/cookies-copie#primaryimage\"},\"image\":{\"@id\":\"https:\\\/\\\/symphonie-sucree.com\\\/en\\\/produits\\\/cookies-copie#primaryimage\"},\"thumbnailUrl\":\"https:\\\/\\\/symphonie-sucree.com\\\/wp-content\\\/uploads\\\/2024\\\/10\\\/IMG_5690-2.jpg\",\"datePublished\":\"2024-10-30T01:35:46+00:00\",\"dateModified\":\"2025-01-08T21:35:30+00:00\",\"description\":\"Customized cupcakes in Saint-Hubert, Longueuil: cream, pearls, edible images and fondant, many customizations for unique desserts.\",\"breadcrumb\":{\"@id\":\"https:\\\/\\\/symphonie-sucree.com\\\/en\\\/produits\\\/cookies-copie#breadcrumb\"},\"inLanguage\":\"en-US\",\"potentialAction\":[{\"@type\":\"ReadAction\",\"target\":[\"https:\\\/\\\/symphonie-sucree.com\\\/en\\\/produits\\\/cookies-copie\"]}]},{\"@type\":\"ImageObject\",\"inLanguage\":\"en-US\",\"@id\":\"https:\\\/\\\/symphonie-sucree.com\\\/en\\\/produits\\\/cookies-copie#primaryimage\",\"url\":\"https:\\\/\\\/symphonie-sucree.com\\\/wp-content\\\/uploads\\\/2024\\\/10\\\/IMG_5690-2.jpg\",\"contentUrl\":\"https:\\\/\\\/symphonie-sucree.com\\\/wp-content\\\/uploads\\\/2024\\\/10\\\/IMG_5690-2.jpg\",\"width\":800,\"height\":800},{\"@type\":\"BreadcrumbList\",\"@id\":\"https:\\\/\\\/symphonie-sucree.com\\\/en\\\/produits\\\/cookies-copie#breadcrumb\",\"itemListElement\":[{\"@type\":\"ListItem\",\"position\":1,\"name\":\"Home\",\"item\":\"https:\\\/\\\/symphonie-sucree.com\\\/en\"},{\"@type\":\"ListItem\",\"position\":2,\"name\":\"Products\",\"item\":\"https:\\\/\\\/symphonie-sucree.com\\\/en\\\/products\"},{\"@type\":\"ListItem\",\"position\":3,\"name\":\"Personalized cupcakes\"}]},{\"@type\":\"WebSite\",\"@id\":\"https:\\\/\\\/symphonie-sucree.com\\\/en#website\",\"url\":\"https:\\\/\\\/symphonie-sucree.com\\\/en\",\"name\":\"Symphonie Sucre\",\"description\":\"Caf\u00e9 et p\u00e2tisserie artisanale \u00e0 Longueuil\",\"publisher\":{\"@id\":\"https:\\\/\\\/symphonie-sucree.com\\\/en#organization\"},\"potentialAction\":[{\"@type\":\"SearchAction\",\"target\":{\"@type\":\"EntryPoint\",\"urlTemplate\":\"https:\\\/\\\/symphonie-sucree.com\\\/en?s={search_term_string}\"},\"query-input\":{\"@type\":\"PropertyValueSpecification\",\"valueRequired\":true,\"valueName\":\"search_term_string\"}}],\"inLanguage\":\"en-US\"},{\"@type\":\"Organization\",\"@id\":\"https:\\\/\\\/symphonie-sucree.com\\\/en#organization\",\"name\":\"Symphonie Sucre\",\"url\":\"https:\\\/\\\/symphonie-sucree.com\\\/en\",\"logo\":{\"@type\":\"ImageObject\",\"inLanguage\":\"en-US\",\"@id\":\"https:\\\/\\\/symphonie-sucree.com\\\/en#\\\/schema\\\/logo\\\/image\\\/\",\"url\":\"https:\\\/\\\/symphonie-sucree.com\\\/wp-content\\\/uploads\\\/2024\\\/08\\\/logo_caramel_rond.png\",\"contentUrl\":\"https:\\\/\\\/symphonie-sucree.com\\\/wp-content\\\/uploads\\\/2024\\\/08\\\/logo_caramel_rond.png\",\"width\":661,\"height\":661,\"caption\":\"Symphonie Sucre\"},\"image\":{\"@id\":\"https:\\\/\\\/symphonie-sucree.com\\\/en#\\\/schema\\\/logo\\\/image\\\/\"},\"sameAs\":[\"https:\\\/\\\/www.facebook.com\\\/symphoniesucree\",\"https:\\\/\\\/www.instagram.com\\\/symphonie.sucree\\\/\"]}]}<\/script>\n<!-- \/ Yoast SEO plugin. -->","yoast_head_json":{"title":"Personalized cupcakes - Symphonie Sucr\u00e9e- Saint Hubert - Longueuil","description":"Customized cupcakes in Saint-Hubert, Longueuil: cream, pearls, edible images and fondant, many customizations for unique desserts.","robots":{"index":"index","follow":"follow","max-snippet":"max-snippet:-1","max-image-preview":"max-image-preview:large","max-video-preview":"max-video-preview:-1"},"canonical":"https:\/\/symphonie-sucree.com\/en\/produits\/cookies-copie","og_locale":"en_US","og_type":"article","og_title":"Personalized cupcakes","og_description":"Customized cupcakes in Saint-Hubert, Longueuil: cream, pearls, edible images and fondant, many customizations for unique desserts.","og_url":"https:\/\/symphonie-sucree.com\/en\/produits\/cookies-copie","og_site_name":"Symphonie Sucr\u00e9e","article_publisher":"https:\/\/www.facebook.com\/symphoniesucree","article_modified_time":"2025-01-08T21:35:30+00:00","og_image":[{"url":"https:\/\/symphonie-sucree.com\/wp-content\/uploads\/2025\/01\/cupcake-nouvelan-300x300.jpg","type":"","width":"","height":""}],"twitter_card":"summary_large_image","twitter_misc":{"Est. reading time":"2 minutes"},"schema":{"@context":"https:\/\/schema.org","@graph":[{"@type":"WebPage","@id":"https:\/\/symphonie-sucree.com\/en\/produits\/cookies-copie","url":"https:\/\/symphonie-sucree.com\/en\/produits\/cookies-copie","name":"Personalized cupcakes - Symphonie Sucr\u00e9e- Saint Hubert - Longueuil","isPartOf":{"@id":"https:\/\/symphonie-sucree.com\/en#website"},"primaryImageOfPage":{"@id":"https:\/\/symphonie-sucree.com\/en\/produits\/cookies-copie#primaryimage"},"image":{"@id":"https:\/\/symphonie-sucree.com\/en\/produits\/cookies-copie#primaryimage"},"thumbnailUrl":"https:\/\/symphonie-sucree.com\/wp-content\/uploads\/2024\/10\/IMG_5690-2.jpg","datePublished":"2024-10-30T01:35:46+00:00","dateModified":"2025-01-08T21:35:30+00:00","description":"Customized cupcakes in Saint-Hubert, Longueuil: cream, pearls, edible images and fondant, many customizations for unique desserts.","breadcrumb":{"@id":"https:\/\/symphonie-sucree.com\/en\/produits\/cookies-copie#breadcrumb"},"inLanguage":"en-US","potentialAction":[{"@type":"ReadAction","target":["https:\/\/symphonie-sucree.com\/en\/produits\/cookies-copie"]}]},{"@type":"ImageObject","inLanguage":"en-US","@id":"https:\/\/symphonie-sucree.com\/en\/produits\/cookies-copie#primaryimage","url":"https:\/\/symphonie-sucree.com\/wp-content\/uploads\/2024\/10\/IMG_5690-2.jpg","contentUrl":"https:\/\/symphonie-sucree.com\/wp-content\/uploads\/2024\/10\/IMG_5690-2.jpg","width":800,"height":800},{"@type":"BreadcrumbList","@id":"https:\/\/symphonie-sucree.com\/en\/produits\/cookies-copie#breadcrumb","itemListElement":[{"@type":"ListItem","position":1,"name":"Home","item":"https:\/\/symphonie-sucree.com\/en"},{"@type":"ListItem","position":2,"name":"Products","item":"https:\/\/symphonie-sucree.com\/en\/products"},{"@type":"ListItem","position":3,"name":"Personalized cupcakes"}]},{"@type":"WebSite","@id":"https:\/\/symphonie-sucree.com\/en#website","url":"https:\/\/symphonie-sucree.com\/en","name":"Symphonie Sucre","description":"Caf\u00e9 et p\u00e2tisserie artisanale \u00e0 Longueuil","publisher":{"@id":"https:\/\/symphonie-sucree.com\/en#organization"},"potentialAction":[{"@type":"SearchAction","target":{"@type":"EntryPoint","urlTemplate":"https:\/\/symphonie-sucree.com\/en?s={search_term_string}"},"query-input":{"@type":"PropertyValueSpecification","valueRequired":true,"valueName":"search_term_string"}}],"inLanguage":"en-US"},{"@type":"Organization","@id":"https:\/\/symphonie-sucree.com\/en#organization","name":"Symphonie Sucre","url":"https:\/\/symphonie-sucree.com\/en","logo":{"@type":"ImageObject","inLanguage":"en-US","@id":"https:\/\/symphonie-sucree.com\/en#\/schema\/logo\/image\/","url":"https:\/\/symphonie-sucree.com\/wp-content\/uploads\/2024\/08\/logo_caramel_rond.png","contentUrl":"https:\/\/symphonie-sucree.com\/wp-content\/uploads\/2024\/08\/logo_caramel_rond.png","width":661,"height":661,"caption":"Symphonie Sucre"},"image":{"@id":"https:\/\/symphonie-sucree.com\/en#\/schema\/logo\/image\/"},"sameAs":["https:\/\/www.facebook.com\/symphoniesucree","https:\/\/www.instagram.com\/symphonie.sucree\/"]}]}},"_links":{"self":[{"href":"https:\/\/symphonie-sucree.com\/en\/wp-json\/wp\/v2\/product\/2894","targetHints":{"allow":["GET"]}}],"collection":[{"href":"https:\/\/symphonie-sucree.com\/en\/wp-json\/wp\/v2\/product"}],"about":[{"href":"https:\/\/symphonie-sucree.com\/en\/wp-json\/wp\/v2\/types\/product"}],"replies":[{"embeddable":true,"href":"https:\/\/symphonie-sucree.com\/en\/wp-json\/wp\/v2\/comments?post=2894"}],"wp:featuredmedia":[{"embeddable":true,"href":"https:\/\/symphonie-sucree.com\/en\/wp-json\/wp\/v2\/media\/4527"}],"wp:attachment":[{"href":"https:\/\/symphonie-sucree.com\/en\/wp-json\/wp\/v2\/media?parent=2894"}],"wp:term":[{"taxonomy":"product_brand","embeddable":true,"href":"https:\/\/symphonie-sucree.com\/en\/wp-json\/wp\/v2\/product_brand?post=2894"},{"taxonomy":"product_cat","embeddable":true,"href":"https:\/\/symphonie-sucree.com\/en\/wp-json\/wp\/v2\/product_cat?post=2894"},{"taxonomy":"product_tag","embeddable":true,"href":"https:\/\/symphonie-sucree.com\/en\/wp-json\/wp\/v2\/product_tag?post=2894"}],"curies":[{"name":"wp","href":"https:\/\/api.w.org\/{rel}","templated":true}]}}