{"id":3050,"date":"2024-11-13T01:09:25","date_gmt":"2024-11-13T01:09:25","guid":{"rendered":"https:\/\/symphonie-sucree.com\/events"},"modified":"2024-11-13T01:09:39","modified_gmt":"2024-11-13T01:09:39","slug":"events","status":"publish","type":"page","link":"https:\/\/symphonie-sucree.com\/en\/events","title":{"rendered":"Events"},"content":{"rendered":"<p>[vc_row content_layout=&#8221;boxed&#8221; equal_height=&#8221;&#8221; animation_delay=&#8221;&#8221; disable=&#8221;&#8221; id=&#8221;&#8221; class=&#8221;&#8221; bg_type=&#8221;image&#8221; bg_image=&#8221;&#8221; color_overlay=&#8221;&#8221; enable_parallax=&#8221;&#8221; enable_pattern=&#8221;&#8221;][vc_column layout=&#8221;normal&#8221; vertical_align=&#8221;auto&#8221; animation_delay=&#8221;&#8221;][vc_row_inner equal_height=&#8221;&#8221; animation_delay=&#8221;&#8221; disable=&#8221;&#8221; id=&#8221;&#8221; class=&#8221;&#8221;][vc_column_inner vertical_align=&#8221;top&#8221; animation_delay=&#8221;&#8221; width=&#8221;1\/6&#8243;][\/vc_column_inner][vc_column_inner vertical_align=&#8221;top&#8221; animation_delay=&#8221;&#8221; width=&#8221;2\/3&#8243;][vc_column_text]<\/p>\n<p style=\"text-align: center;\">Welcome to Symphonie Sucr\u00e9e&#8217;s events and workshops page! \ud83c\udf89 Here you&#8217;ll find all the activities organized at our caf\u00e9-p\u00e2tisserie in Saint-Hubert, in the heart of Montreal&#8217;s South Shore. Whether you&#8217;re looking for creative workshops, convivial get-togethers, or activities for young and old, we invite you to discover unique and enriching moments. Keep up to date with our latest news and reserve your place for exceptional experiences!   <\/p>\n<p>[\/vc_column_text][\/vc_column_inner][vc_column_inner vertical_align=&#8221;top&#8221; animation_delay=&#8221;&#8221; width=&#8221;1\/6&#8243;][\/vc_column_inner][\/vc_row_inner][\/vc_column][\/vc_row][vc_row content_layout=&#8221;boxed&#8221; equal_height=&#8221;&#8221; animation_delay=&#8221;&#8221; disable=&#8221;&#8221; id=&#8221;&#8221; class=&#8221;&#8221; bg_type=&#8221;image&#8221; bg_image=&#8221;&#8221; color_overlay=&#8221;&#8221; enable_parallax=&#8221;&#8221; enable_pattern=&#8221;&#8221;][vc_column layout=&#8221;normal&#8221; vertical_align=&#8221;auto&#8221; animation_delay=&#8221;&#8221; width=&#8221;1\/4&#8243;]\t\t<article class=\"vu_wc-product vu_p-style-4 clearfix post-3029 product type-product status-draft has-post-thumbnail product_cat-ateliers-de-cuisine first outofstock virtual taxable product-type-event_ticket_manager\" data-id=\"3029\">\n\t\t\t\t\t\t\t\n\t\t\t\t\t\t\t\t\t<div class=\"vu_p-image vu_lazy-load\" data-img=\"https:\/\/symphonie-sucree.com\/wp-content\/uploads\/2024\/11\/randalyn-hill-zZ2E8RUL-DA-unsplash.jpg\">\n\t\t\t\t\t\t<span><img loading=\"lazy\" decoding=\"async\" width=\"600\" height=\"600\" src=\"https:\/\/symphonie-sucree.com\/wp-content\/uploads\/2024\/11\/randalyn-hill-zZ2E8RUL-DA-unsplash-600x600.jpg\" class=\"attachment-bakery_ratio-1:1 size-bakery_ratio-1:1 wp-post-image\" alt=\"\" srcset=\"https:\/\/symphonie-sucree.com\/wp-content\/uploads\/2024\/11\/randalyn-hill-zZ2E8RUL-DA-unsplash-600x600.jpg 600w, https:\/\/symphonie-sucree.com\/wp-content\/uploads\/2024\/11\/randalyn-hill-zZ2E8RUL-DA-unsplash-300x300.jpg 300w, https:\/\/symphonie-sucree.com\/wp-content\/uploads\/2024\/11\/randalyn-hill-zZ2E8RUL-DA-unsplash-150x150.jpg 150w, https:\/\/symphonie-sucree.com\/wp-content\/uploads\/2024\/11\/randalyn-hill-zZ2E8RUL-DA-unsplash-768x768.jpg 768w, https:\/\/symphonie-sucree.com\/wp-content\/uploads\/2024\/11\/randalyn-hill-zZ2E8RUL-DA-unsplash-100x100.jpg 100w, https:\/\/symphonie-sucree.com\/wp-content\/uploads\/2024\/11\/randalyn-hill-zZ2E8RUL-DA-unsplash.jpg 1000w\" sizes=\"auto, (max-width: 600px) 100vw, 600px\" \/><\/span>\n\t\t\t\t\t<\/div>\n\t\t\t\t\t\t\t\n\t\t\t<div class=\"vu_p-content\">\n\t\t\t\t\t\t\t\t\t<div class=\"vu_p-icons\">\n\t\t\t\t\t\t\n\t\t\t\t\t\t\t\t\t\t\t\t\t<a href=\"https:\/\/symphonie-sucree.com\/?post_type=product&p=3029\" title=\"D\u00e9coration d'une maison en pain d'\u00e9pice\" class=\"vu_p-icon vu_p-i-link\"><i class=\"fa fa-link\" aria-hidden=\"true\"><\/i><\/a>\n\t\t\t\t\t\t\n\t\t\t\t\t\t\t\t\t\t\t<\/div>\n\t\t\t\t\n\t\t\t\t\t\t\t\t\t<h3 class=\"vu_p-name\">\n\t\t\t\t\t\t\t\t\t\t\t\t\t<a href=\"https:\/\/symphonie-sucree.com\/?post_type=product&p=3029\">D\u00e9coration d'une maison en pain d'\u00e9pice<\/a>\n\t\t\t\t\t\t\t\t\t\t\t<\/h3>\n\t\t\t\t\n\t\t\t\t\n\t\t\t\t\t\t\t\t\t\t<div class=\"vu_p-categories\">\n\t\t\t\t\t\t\t<p>Ateliers de cuisine<\/p>\n\t\t\t\t\t\t<\/div>\n\t\t\t\t\t\t\t\t\t\n\t\t\t\t\n\t\t\t\t\t\t\t\t\t\n\t<div class=\"vu_p-price\">\n\t\t<span class=\"woocommerce-Price-amount amount\"><bdi><span class=\"woocommerce-Price-currencySymbol\">&#36;<\/span>0.00<\/bdi><\/span> <small><\/small>\t<\/div>\n\t\t\t\t\t\t\t<\/div>\n\t\t<\/article>\n\t[\/vc_column][vc_column layout=&#8221;normal&#8221; vertical_align=&#8221;auto&#8221; animation_delay=&#8221;&#8221; width=&#8221;1\/4&#8243;][\/vc_column][vc_column layout=&#8221;normal&#8221; vertical_align=&#8221;auto&#8221; animation_delay=&#8221;&#8221; width=&#8221;1\/4&#8243;][\/vc_column][vc_column layout=&#8221;normal&#8221; vertical_align=&#8221;auto&#8221; animation_delay=&#8221;&#8221; width=&#8221;1\/4&#8243;][\/vc_column][\/vc_row]<\/p>\n","protected":false},"excerpt":{"rendered":"<p>[vc_row content_layout=&#8221;boxed&#8221; equal_height=&#8221;&#8221; animation_delay=&#8221;&#8221; disable=&#8221;&#8221; id=&#8221;&#8221; class=&#8221;&#8221; bg_type=&#8221;image&#8221; bg_image=&#8221;&#8221; color_overlay=&#8221;&#8221; enable_parallax=&#8221;&#8221; enable_pattern=&#8221;&#8221;][vc_column layout=&#8221;normal&#8221; vertical_align=&#8221;auto&#8221; animation_delay=&#8221;&#8221;][vc_row_inner equal_height=&#8221;&#8221; animation_delay=&#8221;&#8221; disable=&#8221;&#8221; id=&#8221;&#8221; class=&#8221;&#8221;][vc_column_inner vertical_align=&#8221;top&#8221; animation_delay=&#8221;&#8221; width=&#8221;1\/6&#8243;][\/vc_column_inner][vc_column_inner vertical_align=&#8221;top&#8221; animation_delay=&#8221;&#8221; width=&#8221;2\/3&#8243;][vc_column_text] Welcome to Symphonie Sucr\u00e9e&#8217;s events and workshops page! \ud83c\udf89 Here you&#8217;ll find all the activities organized at our caf\u00e9-p\u00e2tisserie in Saint-Hubert, in the heart of Montreal&#8217;s South Shore. Whether [&hellip;]<\/p>\n","protected":false},"author":1,"featured_media":0,"parent":0,"menu_order":0,"comment_status":"closed","ping_status":"closed","template":"","meta":{"footnotes":""},"class_list":["post-3050","page","type-page","status-publish","hentry"],"yoast_head":"<!-- This site is optimized with the Yoast SEO plugin v27.4 - https:\/\/yoast.com\/product\/yoast-seo-wordpress\/ -->\n<title>Events - Symphonie Sucr\u00e9e<\/title>\n<meta name=\"robots\" content=\"index, follow, max-snippet:-1, max-image-preview:large, max-video-preview:-1\" \/>\n<link rel=\"canonical\" href=\"https:\/\/symphonie-sucree.com\/en\/events\" \/>\n<meta property=\"og:locale\" content=\"en_US\" \/>\n<meta property=\"og:type\" content=\"article\" \/>\n<meta property=\"og:title\" content=\"Events - Symphonie Sucr\u00e9e\" \/>\n<meta property=\"og:description\" content=\"[vc_row content_layout=&#8221;boxed&#8221; equal_height=&#8221;&#8221; animation_delay=&#8221;&#8221; disable=&#8221;&#8221; id=&#8221;&#8221; class=&#8221;&#8221; bg_type=&#8221;image&#8221; bg_image=&#8221;&#8221; color_overlay=&#8221;&#8221; enable_parallax=&#8221;&#8221; enable_pattern=&#8221;&#8221;][vc_column layout=&#8221;normal&#8221; vertical_align=&#8221;auto&#8221; animation_delay=&#8221;&#8221;][vc_row_inner equal_height=&#8221;&#8221; animation_delay=&#8221;&#8221; disable=&#8221;&#8221; id=&#8221;&#8221; class=&#8221;&#8221;][vc_column_inner vertical_align=&#8221;top&#8221; animation_delay=&#8221;&#8221; width=&#8221;1\/6&#8243;][\/vc_column_inner][vc_column_inner vertical_align=&#8221;top&#8221; animation_delay=&#8221;&#8221; width=&#8221;2\/3&#8243;][vc_column_text] Welcome to Symphonie Sucr\u00e9e&#8217;s events and workshops page! \ud83c\udf89 Here you&#8217;ll find all the activities organized at our caf\u00e9-p\u00e2tisserie in Saint-Hubert, in the heart of Montreal&#8217;s South Shore. Whether [&hellip;]\" \/>\n<meta property=\"og:url\" content=\"https:\/\/symphonie-sucree.com\/en\/events\" \/>\n<meta property=\"og:site_name\" content=\"Symphonie Sucr\u00e9e\" \/>\n<meta property=\"article:publisher\" content=\"https:\/\/www.facebook.com\/symphoniesucree\" \/>\n<meta property=\"article:modified_time\" content=\"2024-11-13T01:09:39+00:00\" \/>\n<meta name=\"twitter:card\" content=\"summary_large_image\" \/>\n<meta name=\"twitter:label1\" content=\"Est. reading time\" \/>\n\t<meta name=\"twitter:data1\" content=\"1 minute\" \/>\n<script type=\"application\/ld+json\" class=\"yoast-schema-graph\">{\"@context\":\"https:\\\/\\\/schema.org\",\"@graph\":[{\"@type\":\"WebPage\",\"@id\":\"https:\\\/\\\/symphonie-sucree.com\\\/en\\\/events\",\"url\":\"https:\\\/\\\/symphonie-sucree.com\\\/en\\\/events\",\"name\":\"Events - Symphonie Sucr\u00e9e\",\"isPartOf\":{\"@id\":\"https:\\\/\\\/symphonie-sucree.com\\\/en#website\"},\"datePublished\":\"2024-11-13T01:09:25+00:00\",\"dateModified\":\"2024-11-13T01:09:39+00:00\",\"breadcrumb\":{\"@id\":\"https:\\\/\\\/symphonie-sucree.com\\\/en\\\/events#breadcrumb\"},\"inLanguage\":\"en-US\",\"potentialAction\":[{\"@type\":\"ReadAction\",\"target\":[\"https:\\\/\\\/symphonie-sucree.com\\\/en\\\/events\"]}]},{\"@type\":\"BreadcrumbList\",\"@id\":\"https:\\\/\\\/symphonie-sucree.com\\\/en\\\/events#breadcrumb\",\"itemListElement\":[{\"@type\":\"ListItem\",\"position\":1,\"name\":\"Home\",\"item\":\"https:\\\/\\\/symphonie-sucree.com\\\/en\"},{\"@type\":\"ListItem\",\"position\":2,\"name\":\"Events\"}]},{\"@type\":\"WebSite\",\"@id\":\"https:\\\/\\\/symphonie-sucree.com\\\/en#website\",\"url\":\"https:\\\/\\\/symphonie-sucree.com\\\/en\",\"name\":\"Symphonie Sucre\",\"description\":\"Caf\u00e9 et p\u00e2tisserie artisanale \u00e0 Longueuil\",\"publisher\":{\"@id\":\"https:\\\/\\\/symphonie-sucree.com\\\/en#organization\"},\"potentialAction\":[{\"@type\":\"SearchAction\",\"target\":{\"@type\":\"EntryPoint\",\"urlTemplate\":\"https:\\\/\\\/symphonie-sucree.com\\\/en?s={search_term_string}\"},\"query-input\":{\"@type\":\"PropertyValueSpecification\",\"valueRequired\":true,\"valueName\":\"search_term_string\"}}],\"inLanguage\":\"en-US\"},{\"@type\":\"Organization\",\"@id\":\"https:\\\/\\\/symphonie-sucree.com\\\/en#organization\",\"name\":\"Symphonie Sucre\",\"url\":\"https:\\\/\\\/symphonie-sucree.com\\\/en\",\"logo\":{\"@type\":\"ImageObject\",\"inLanguage\":\"en-US\",\"@id\":\"https:\\\/\\\/symphonie-sucree.com\\\/en#\\\/schema\\\/logo\\\/image\\\/\",\"url\":\"https:\\\/\\\/symphonie-sucree.com\\\/wp-content\\\/uploads\\\/2024\\\/08\\\/logo_caramel_rond.png\",\"contentUrl\":\"https:\\\/\\\/symphonie-sucree.com\\\/wp-content\\\/uploads\\\/2024\\\/08\\\/logo_caramel_rond.png\",\"width\":661,\"height\":661,\"caption\":\"Symphonie Sucre\"},\"image\":{\"@id\":\"https:\\\/\\\/symphonie-sucree.com\\\/en#\\\/schema\\\/logo\\\/image\\\/\"},\"sameAs\":[\"https:\\\/\\\/www.facebook.com\\\/symphoniesucree\",\"https:\\\/\\\/www.instagram.com\\\/symphonie.sucree\\\/\"]}]}<\/script>\n<!-- \/ Yoast SEO plugin. -->","yoast_head_json":{"title":"Events - Symphonie Sucr\u00e9e","robots":{"index":"index","follow":"follow","max-snippet":"max-snippet:-1","max-image-preview":"max-image-preview:large","max-video-preview":"max-video-preview:-1"},"canonical":"https:\/\/symphonie-sucree.com\/en\/events","og_locale":"en_US","og_type":"article","og_title":"Events - Symphonie Sucr\u00e9e","og_description":"[vc_row content_layout=&#8221;boxed&#8221; equal_height=&#8221;&#8221; animation_delay=&#8221;&#8221; disable=&#8221;&#8221; id=&#8221;&#8221; class=&#8221;&#8221; bg_type=&#8221;image&#8221; bg_image=&#8221;&#8221; color_overlay=&#8221;&#8221; enable_parallax=&#8221;&#8221; enable_pattern=&#8221;&#8221;][vc_column layout=&#8221;normal&#8221; vertical_align=&#8221;auto&#8221; animation_delay=&#8221;&#8221;][vc_row_inner equal_height=&#8221;&#8221; animation_delay=&#8221;&#8221; disable=&#8221;&#8221; id=&#8221;&#8221; class=&#8221;&#8221;][vc_column_inner vertical_align=&#8221;top&#8221; animation_delay=&#8221;&#8221; width=&#8221;1\/6&#8243;][\/vc_column_inner][vc_column_inner vertical_align=&#8221;top&#8221; animation_delay=&#8221;&#8221; width=&#8221;2\/3&#8243;][vc_column_text] Welcome to Symphonie Sucr\u00e9e&#8217;s events and workshops page! \ud83c\udf89 Here you&#8217;ll find all the activities organized at our caf\u00e9-p\u00e2tisserie in Saint-Hubert, in the heart of Montreal&#8217;s South Shore. Whether [&hellip;]","og_url":"https:\/\/symphonie-sucree.com\/en\/events","og_site_name":"Symphonie Sucr\u00e9e","article_publisher":"https:\/\/www.facebook.com\/symphoniesucree","article_modified_time":"2024-11-13T01:09:39+00:00","twitter_card":"summary_large_image","twitter_misc":{"Est. reading time":"1 minute"},"schema":{"@context":"https:\/\/schema.org","@graph":[{"@type":"WebPage","@id":"https:\/\/symphonie-sucree.com\/en\/events","url":"https:\/\/symphonie-sucree.com\/en\/events","name":"Events - Symphonie Sucr\u00e9e","isPartOf":{"@id":"https:\/\/symphonie-sucree.com\/en#website"},"datePublished":"2024-11-13T01:09:25+00:00","dateModified":"2024-11-13T01:09:39+00:00","breadcrumb":{"@id":"https:\/\/symphonie-sucree.com\/en\/events#breadcrumb"},"inLanguage":"en-US","potentialAction":[{"@type":"ReadAction","target":["https:\/\/symphonie-sucree.com\/en\/events"]}]},{"@type":"BreadcrumbList","@id":"https:\/\/symphonie-sucree.com\/en\/events#breadcrumb","itemListElement":[{"@type":"ListItem","position":1,"name":"Home","item":"https:\/\/symphonie-sucree.com\/en"},{"@type":"ListItem","position":2,"name":"Events"}]},{"@type":"WebSite","@id":"https:\/\/symphonie-sucree.com\/en#website","url":"https:\/\/symphonie-sucree.com\/en","name":"Symphonie Sucre","description":"Caf\u00e9 et p\u00e2tisserie artisanale \u00e0 Longueuil","publisher":{"@id":"https:\/\/symphonie-sucree.com\/en#organization"},"potentialAction":[{"@type":"SearchAction","target":{"@type":"EntryPoint","urlTemplate":"https:\/\/symphonie-sucree.com\/en?s={search_term_string}"},"query-input":{"@type":"PropertyValueSpecification","valueRequired":true,"valueName":"search_term_string"}}],"inLanguage":"en-US"},{"@type":"Organization","@id":"https:\/\/symphonie-sucree.com\/en#organization","name":"Symphonie Sucre","url":"https:\/\/symphonie-sucree.com\/en","logo":{"@type":"ImageObject","inLanguage":"en-US","@id":"https:\/\/symphonie-sucree.com\/en#\/schema\/logo\/image\/","url":"https:\/\/symphonie-sucree.com\/wp-content\/uploads\/2024\/08\/logo_caramel_rond.png","contentUrl":"https:\/\/symphonie-sucree.com\/wp-content\/uploads\/2024\/08\/logo_caramel_rond.png","width":661,"height":661,"caption":"Symphonie Sucre"},"image":{"@id":"https:\/\/symphonie-sucree.com\/en#\/schema\/logo\/image\/"},"sameAs":["https:\/\/www.facebook.com\/symphoniesucree","https:\/\/www.instagram.com\/symphonie.sucree\/"]}]}},"_links":{"self":[{"href":"https:\/\/symphonie-sucree.com\/en\/wp-json\/wp\/v2\/pages\/3050","targetHints":{"allow":["GET"]}}],"collection":[{"href":"https:\/\/symphonie-sucree.com\/en\/wp-json\/wp\/v2\/pages"}],"about":[{"href":"https:\/\/symphonie-sucree.com\/en\/wp-json\/wp\/v2\/types\/page"}],"author":[{"embeddable":true,"href":"https:\/\/symphonie-sucree.com\/en\/wp-json\/wp\/v2\/users\/1"}],"replies":[{"embeddable":true,"href":"https:\/\/symphonie-sucree.com\/en\/wp-json\/wp\/v2\/comments?post=3050"}],"version-history":[{"count":1,"href":"https:\/\/symphonie-sucree.com\/en\/wp-json\/wp\/v2\/pages\/3050\/revisions"}],"predecessor-version":[{"id":3051,"href":"https:\/\/symphonie-sucree.com\/en\/wp-json\/wp\/v2\/pages\/3050\/revisions\/3051"}],"wp:attachment":[{"href":"https:\/\/symphonie-sucree.com\/en\/wp-json\/wp\/v2\/media?parent=3050"}],"curies":[{"name":"wp","href":"https:\/\/api.w.org\/{rel}","templated":true}]}}