{"id":2770,"date":"2017-11-03T15:31:53","date_gmt":"2017-11-03T15:31:53","guid":{"rendered":"https:\/\/symphonie-sucree.com\/elements\/video-section"},"modified":"2024-09-27T14:14:58","modified_gmt":"2024-09-27T14:14:58","slug":"video-section","status":"publish","type":"page","link":"https:\/\/symphonie-sucree.com\/en\/elements\/video-section","title":{"rendered":"Video Section"},"content":{"rendered":"<p>[vc_section content_layout=&#8221;full&#8221; animation_delay=&#8221;&#8221; disable=&#8221;&#8221; id=&#8221;&#8221; class=&#8221;&#8221; bg_type=&#8221;image&#8221; bg_image=&#8221;&#8221; color_overlay=&#8221;&#8221; enable_parallax=&#8221;&#8221; enable_pattern=&#8221;&#8221;][vc_row content_layout=&#8221;boxed&#8221; equal_height=&#8221;&#8221; animation_delay=&#8221;&#8221; disable=&#8221;&#8221; id=&#8221;&#8221; class=&#8221;&#8221; bg_type=&#8221;image&#8221; bg_image=&#8221;&#8221; color_overlay=&#8221;&#8221; enable_parallax=&#8221;&#8221; enable_pattern=&#8221;&#8221;][vc_column layout=&#8221;normal&#8221; vertical_align=&#8221;auto&#8221; animation_delay=&#8221;&#8221;]\t\t<header class=\"vu_heading vu_h-style-1 vu_h-alignment-center m-t-0\">\r\n\t\t\t\r\n\t\t\t<h2 class=\"vu_h-heading\"><span>Video Section<\/span><\/h2>\r\n\r\n\t\t\t\t\t\t\t<div class=\"vu_h-subheading\">\r\n\t\t\t\t\t<p>Embed any number of videos into your pages. You can choose the aspect ratio and display Youtube videos.<\/p>\n\t\t\t\t<\/div>\r\n\t\t\t\t\t<\/header>\r\n\t[\/vc_column][\/vc_row][\/vc_section][vc_section content_layout=&#8221;full&#8221; animation_delay=&#8221;&#8221; disable=&#8221;&#8221; id=&#8221;&#8221; class=&#8221;&#8221; bg_type=&#8221;image&#8221; bg_image=&#8221;&#8221; color_overlay=&#8221;&#8221; enable_parallax=&#8221;&#8221; enable_pattern=&#8221;&#8221; css=&#8221;.vc_custom_1510156827227{margin-bottom: 40px !important;}&#8221;][vc_row content_layout=&#8221;boxed&#8221; equal_height=&#8221;&#8221; animation_delay=&#8221;&#8221; disable=&#8221;&#8221; id=&#8221;&#8221; class=&#8221;&#8221; bg_type=&#8221;image&#8221; bg_image=&#8221;&#8221; color_overlay=&#8221;&#8221; enable_parallax=&#8221;&#8221; enable_pattern=&#8221;&#8221;][vc_column layout=&#8221;normal&#8221; vertical_align=&#8221;auto&#8221; animation_delay=&#8221;&#8221; width=&#8221;5\/12&#8243;][vc_column_text]<\/p>\n<h4>Video Autoplay 16:9<\/h4>\n<p>[\/vc_column_text]\t\t<div class=\"vu_video-section vu_lazy-load\" data-img=\"https:\/\/symphonie-sucree.com\/wp-content\/uploads\/2017\/12\/img-9.jpg\" data-play=\"autoplay\">\r\n\t\t\t<div class=\"vu_vs-inner embed-responsive embed-responsive-16by9\">\r\n\t\t\t\t<a href=\"#\" class=\"vu_vs-play\" data-type=\"iframe\"><i class=\"fa fa-play\"><\/i><\/a>\r\n\r\n\t\t\t\t\r\n\t\t\t\t\t\t\t\t\t\t\t\t\t\t<div id=\"vu_vs-player-189761\" class=\"vu_vs-player\" data-options=\"{&quot;_id&quot;:189761,&quot;video_id&quot;:&quot;OhtG_XahQco&quot;,&quot;play_type&quot;:&quot;autoplay&quot;,&quot;video_mute&quot;:1}\"><\/div>\r\n\t\t\t\t\t\t\t<\/div>\r\n\t\t<\/div>\r\n\t\t\t<div class=\"vu_video-section vu_lazy-load\" data-img=\"https:\/\/symphonie-sucree.com\/wp-content\/uploads\/2017\/12\/img-15.jpg\" data-play=\"scroll\">\r\n\t\t\t<div class=\"vu_vs-inner p-b-0\" style=\"height:366px\">\r\n\t\t\t\t<a href=\"#\" class=\"vu_vs-play\" data-type=\"iframe\"><i class=\"fa fa-play\"><\/i><\/a>\r\n\r\n\t\t\t\t\r\n\t\t\t\t\t\t\t\t\t\t\t\t\t\t<div id=\"vu_vs-player-883859\" class=\"vu_vs-player\" data-options=\"{&quot;_id&quot;:883859,&quot;video_id&quot;:&quot;A5-xM1dtEH8&quot;,&quot;play_type&quot;:&quot;scroll&quot;,&quot;video_mute&quot;:1}\"><\/div>\r\n\t\t\t\t\t\t\t<\/div>\r\n\t\t<\/div>\r\n\t[\/vc_column][vc_column layout=&#8221;normal&#8221; vertical_align=&#8221;auto&#8221; animation_delay=&#8221;&#8221; width=&#8221;7\/12&#8243;][vc_column_text]<\/p>\n<h4>Video with Title 1:1<\/h4>\n<p>[\/vc_column_text]\t\t<div class=\"vu_video-section vu_vs-with-title vu_lazy-load\" data-img=\"https:\/\/symphonie-sucree.com\/wp-content\/uploads\/2017\/12\/img-2.jpg\">\r\n\t\t\t<div class=\"vu_vs-inner embed-responsive embed-responsive-1by1\">\r\n\t\t\t\t<a href=\"https:\/\/www.youtube.com\/watch?v=OhtG_XahQco\" class=\"vu_vs-play vu_lightbox\" data-type=\"iframe\"><i class=\"fa fa-play\"><\/i><\/a>\r\n\r\n\t\t\t\t\t\t\t\t\t<h5 class=\"vu_vs-title\">Video Title Here<\/h5>\r\n\t\t\t\t\r\n\t\t\t\t\t\t\t<\/div>\r\n\t\t<\/div>\r\n\t[\/vc_column][\/vc_row][vc_row content_layout=&#8221;boxed&#8221; equal_height=&#8221;&#8221; animation_delay=&#8221;&#8221; disable=&#8221;&#8221; id=&#8221;&#8221; class=&#8221;&#8221; bg_type=&#8221;image&#8221; bg_image=&#8221;&#8221; color_overlay=&#8221;&#8221; enable_parallax=&#8221;&#8221; enable_pattern=&#8221;&#8221;][vc_column layout=&#8221;normal&#8221; vertical_align=&#8221;auto&#8221; animation_delay=&#8221;&#8221;][vc_column_text]<\/p>\n<h4>Video No Title with Pattern 2:1<\/h4>\n<p>[\/vc_column_text]\t\t<div class=\"vu_video-section vu_lazy-load vu_vs-with-pattern\" data-img=\"https:\/\/symphonie-sucree.com\/wp-content\/uploads\/2017\/12\/img-6.jpg\">\r\n\t\t\t<div class=\"vu_vs-inner embed-responsive embed-responsive-2by1\">\r\n\t\t\t\t<a href=\"https:\/\/www.youtube.com\/watch?v=OhtG_XahQco\" class=\"vu_vs-play vu_lightbox\" data-type=\"iframe\"><i class=\"fa fa-play\"><\/i><\/a>\r\n\r\n\t\t\t\t\r\n\t\t\t\t\t\t\t<\/div>\r\n\t\t<\/div>\r\n\t[\/vc_column][\/vc_row][\/vc_section]<\/p>\n","protected":false},"excerpt":{"rendered":"<p>[vc_section content_layout=&#8221;full&#8221; animation_delay=&#8221;&#8221; disable=&#8221;&#8221; id=&#8221;&#8221; class=&#8221;&#8221; bg_type=&#8221;image&#8221; bg_image=&#8221;&#8221; color_overlay=&#8221;&#8221; enable_parallax=&#8221;&#8221; enable_pattern=&#8221;&#8221;][vc_row content_layout=&#8221;boxed&#8221; equal_height=&#8221;&#8221; animation_delay=&#8221;&#8221; disable=&#8221;&#8221; id=&#8221;&#8221; class=&#8221;&#8221; bg_type=&#8221;image&#8221; bg_image=&#8221;&#8221; color_overlay=&#8221;&#8221; enable_parallax=&#8221;&#8221; enable_pattern=&#8221;&#8221;][vc_column layout=&#8221;normal&#8221; vertical_align=&#8221;auto&#8221; animation_delay=&#8221;&#8221;][\/vc_column][\/vc_row][\/vc_section][vc_section content_layout=&#8221;full&#8221; animation_delay=&#8221;&#8221; disable=&#8221;&#8221; id=&#8221;&#8221; class=&#8221;&#8221; bg_type=&#8221;image&#8221; bg_image=&#8221;&#8221; color_overlay=&#8221;&#8221; enable_parallax=&#8221;&#8221; enable_pattern=&#8221;&#8221; css=&#8221;.vc_custom_1510156827227{margin-bottom: 40px !important;}&#8221;][vc_row content_layout=&#8221;boxed&#8221; equal_height=&#8221;&#8221; animation_delay=&#8221;&#8221; disable=&#8221;&#8221; id=&#8221;&#8221; class=&#8221;&#8221; bg_type=&#8221;image&#8221; bg_image=&#8221;&#8221; color_overlay=&#8221;&#8221; enable_parallax=&#8221;&#8221; enable_pattern=&#8221;&#8221;][vc_column layout=&#8221;normal&#8221; vertical_align=&#8221;auto&#8221; animation_delay=&#8221;&#8221; width=&#8221;5\/12&#8243;][vc_column_text] Video Autoplay [&hellip;]<\/p>\n","protected":false},"author":1,"featured_media":0,"parent":2734,"menu_order":0,"comment_status":"closed","ping_status":"closed","template":"","meta":{"footnotes":""},"class_list":["post-2770","page","type-page","status-publish","hentry"],"yoast_head":"<!-- This site is optimized with the Yoast SEO plugin v27.5 - https:\/\/yoast.com\/product\/yoast-seo-wordpress\/ -->\n<title>Video Section - Symphonie Sucr\u00e9e<\/title>\n<meta name=\"robots\" content=\"index, follow, max-snippet:-1, max-image-preview:large, max-video-preview:-1\" \/>\n<link rel=\"canonical\" href=\"https:\/\/symphonie-sucree.com\/en\/elements\/video-section\" \/>\n<meta property=\"og:locale\" content=\"en_US\" \/>\n<meta property=\"og:type\" content=\"article\" \/>\n<meta property=\"og:title\" content=\"Video Section - Symphonie Sucr\u00e9e\" \/>\n<meta property=\"og:description\" content=\"[vc_section content_layout=&#8221;full&#8221; animation_delay=&#8221;&#8221; disable=&#8221;&#8221; id=&#8221;&#8221; class=&#8221;&#8221; bg_type=&#8221;image&#8221; bg_image=&#8221;&#8221; color_overlay=&#8221;&#8221; enable_parallax=&#8221;&#8221; enable_pattern=&#8221;&#8221;][vc_row content_layout=&#8221;boxed&#8221; equal_height=&#8221;&#8221; animation_delay=&#8221;&#8221; disable=&#8221;&#8221; id=&#8221;&#8221; class=&#8221;&#8221; bg_type=&#8221;image&#8221; bg_image=&#8221;&#8221; color_overlay=&#8221;&#8221; enable_parallax=&#8221;&#8221; enable_pattern=&#8221;&#8221;][vc_column layout=&#8221;normal&#8221; vertical_align=&#8221;auto&#8221; animation_delay=&#8221;&#8221;][\/vc_column][\/vc_row][\/vc_section][vc_section content_layout=&#8221;full&#8221; animation_delay=&#8221;&#8221; disable=&#8221;&#8221; id=&#8221;&#8221; class=&#8221;&#8221; bg_type=&#8221;image&#8221; bg_image=&#8221;&#8221; color_overlay=&#8221;&#8221; enable_parallax=&#8221;&#8221; enable_pattern=&#8221;&#8221; css=&#8221;.vc_custom_1510156827227{margin-bottom: 40px !important;}&#8221;][vc_row content_layout=&#8221;boxed&#8221; equal_height=&#8221;&#8221; animation_delay=&#8221;&#8221; disable=&#8221;&#8221; id=&#8221;&#8221; class=&#8221;&#8221; bg_type=&#8221;image&#8221; bg_image=&#8221;&#8221; color_overlay=&#8221;&#8221; enable_parallax=&#8221;&#8221; enable_pattern=&#8221;&#8221;][vc_column layout=&#8221;normal&#8221; vertical_align=&#8221;auto&#8221; animation_delay=&#8221;&#8221; width=&#8221;5\/12&#8243;][vc_column_text] Video Autoplay [&hellip;]\" \/>\n<meta property=\"og:url\" content=\"https:\/\/symphonie-sucree.com\/en\/elements\/video-section\" \/>\n<meta property=\"og:site_name\" content=\"Symphonie Sucr\u00e9e\" \/>\n<meta property=\"article:publisher\" content=\"https:\/\/www.facebook.com\/symphoniesucree\" \/>\n<meta property=\"article:modified_time\" content=\"2024-09-27T14:14:58+00:00\" \/>\n<meta name=\"twitter:card\" content=\"summary_large_image\" \/>\n<meta name=\"twitter:label1\" content=\"Est. reading time\" \/>\n\t<meta name=\"twitter:data1\" content=\"2 minutes\" \/>\n<script type=\"application\/ld+json\" class=\"yoast-schema-graph\">{\"@context\":\"https:\\\/\\\/schema.org\",\"@graph\":[{\"@type\":\"WebPage\",\"@id\":\"https:\\\/\\\/symphonie-sucree.com\\\/en\\\/elements\\\/video-section\",\"url\":\"https:\\\/\\\/symphonie-sucree.com\\\/en\\\/elements\\\/video-section\",\"name\":\"Video Section - Symphonie Sucr\u00e9e\",\"isPartOf\":{\"@id\":\"https:\\\/\\\/symphonie-sucree.com\\\/en#website\"},\"datePublished\":\"2017-11-03T15:31:53+00:00\",\"dateModified\":\"2024-09-27T14:14:58+00:00\",\"breadcrumb\":{\"@id\":\"https:\\\/\\\/symphonie-sucree.com\\\/en\\\/elements\\\/video-section#breadcrumb\"},\"inLanguage\":\"en-US\",\"potentialAction\":[{\"@type\":\"ReadAction\",\"target\":[\"https:\\\/\\\/symphonie-sucree.com\\\/en\\\/elements\\\/video-section\"]}]},{\"@type\":\"BreadcrumbList\",\"@id\":\"https:\\\/\\\/symphonie-sucree.com\\\/en\\\/elements\\\/video-section#breadcrumb\",\"itemListElement\":[{\"@type\":\"ListItem\",\"position\":1,\"name\":\"Home\",\"item\":\"https:\\\/\\\/symphonie-sucree.com\\\/en\"},{\"@type\":\"ListItem\",\"position\":2,\"name\":\"Elements\",\"item\":\"https:\\\/\\\/symphonie-sucree.com\\\/en\\\/elements\"},{\"@type\":\"ListItem\",\"position\":3,\"name\":\"Video Section\"}]},{\"@type\":\"WebSite\",\"@id\":\"https:\\\/\\\/symphonie-sucree.com\\\/en#website\",\"url\":\"https:\\\/\\\/symphonie-sucree.com\\\/en\",\"name\":\"Symphonie Sucre\",\"description\":\"Caf\u00e9 et p\u00e2tisserie artisanale \u00e0 Longueuil\",\"publisher\":{\"@id\":\"https:\\\/\\\/symphonie-sucree.com\\\/en#organization\"},\"potentialAction\":[{\"@type\":\"SearchAction\",\"target\":{\"@type\":\"EntryPoint\",\"urlTemplate\":\"https:\\\/\\\/symphonie-sucree.com\\\/en?s={search_term_string}\"},\"query-input\":{\"@type\":\"PropertyValueSpecification\",\"valueRequired\":true,\"valueName\":\"search_term_string\"}}],\"inLanguage\":\"en-US\"},{\"@type\":\"Organization\",\"@id\":\"https:\\\/\\\/symphonie-sucree.com\\\/en#organization\",\"name\":\"Symphonie Sucre\",\"url\":\"https:\\\/\\\/symphonie-sucree.com\\\/en\",\"logo\":{\"@type\":\"ImageObject\",\"inLanguage\":\"en-US\",\"@id\":\"https:\\\/\\\/symphonie-sucree.com\\\/en#\\\/schema\\\/logo\\\/image\\\/\",\"url\":\"https:\\\/\\\/symphonie-sucree.com\\\/wp-content\\\/uploads\\\/2024\\\/08\\\/logo_caramel_rond.png\",\"contentUrl\":\"https:\\\/\\\/symphonie-sucree.com\\\/wp-content\\\/uploads\\\/2024\\\/08\\\/logo_caramel_rond.png\",\"width\":661,\"height\":661,\"caption\":\"Symphonie Sucre\"},\"image\":{\"@id\":\"https:\\\/\\\/symphonie-sucree.com\\\/en#\\\/schema\\\/logo\\\/image\\\/\"},\"sameAs\":[\"https:\\\/\\\/www.facebook.com\\\/symphoniesucree\",\"https:\\\/\\\/www.instagram.com\\\/symphonie.sucree\\\/\"]}]}<\/script>\n<!-- \/ Yoast SEO plugin. -->","yoast_head_json":{"title":"Video Section - Symphonie Sucr\u00e9e","robots":{"index":"index","follow":"follow","max-snippet":"max-snippet:-1","max-image-preview":"max-image-preview:large","max-video-preview":"max-video-preview:-1"},"canonical":"https:\/\/symphonie-sucree.com\/en\/elements\/video-section","og_locale":"en_US","og_type":"article","og_title":"Video Section - Symphonie Sucr\u00e9e","og_description":"[vc_section content_layout=&#8221;full&#8221; animation_delay=&#8221;&#8221; disable=&#8221;&#8221; id=&#8221;&#8221; class=&#8221;&#8221; bg_type=&#8221;image&#8221; bg_image=&#8221;&#8221; color_overlay=&#8221;&#8221; enable_parallax=&#8221;&#8221; enable_pattern=&#8221;&#8221;][vc_row content_layout=&#8221;boxed&#8221; equal_height=&#8221;&#8221; animation_delay=&#8221;&#8221; disable=&#8221;&#8221; id=&#8221;&#8221; class=&#8221;&#8221; bg_type=&#8221;image&#8221; bg_image=&#8221;&#8221; color_overlay=&#8221;&#8221; enable_parallax=&#8221;&#8221; enable_pattern=&#8221;&#8221;][vc_column layout=&#8221;normal&#8221; vertical_align=&#8221;auto&#8221; animation_delay=&#8221;&#8221;][\/vc_column][\/vc_row][\/vc_section][vc_section content_layout=&#8221;full&#8221; animation_delay=&#8221;&#8221; disable=&#8221;&#8221; id=&#8221;&#8221; class=&#8221;&#8221; bg_type=&#8221;image&#8221; bg_image=&#8221;&#8221; color_overlay=&#8221;&#8221; enable_parallax=&#8221;&#8221; enable_pattern=&#8221;&#8221; css=&#8221;.vc_custom_1510156827227{margin-bottom: 40px !important;}&#8221;][vc_row content_layout=&#8221;boxed&#8221; equal_height=&#8221;&#8221; animation_delay=&#8221;&#8221; disable=&#8221;&#8221; id=&#8221;&#8221; class=&#8221;&#8221; bg_type=&#8221;image&#8221; bg_image=&#8221;&#8221; color_overlay=&#8221;&#8221; enable_parallax=&#8221;&#8221; enable_pattern=&#8221;&#8221;][vc_column layout=&#8221;normal&#8221; vertical_align=&#8221;auto&#8221; animation_delay=&#8221;&#8221; width=&#8221;5\/12&#8243;][vc_column_text] Video Autoplay [&hellip;]","og_url":"https:\/\/symphonie-sucree.com\/en\/elements\/video-section","og_site_name":"Symphonie Sucr\u00e9e","article_publisher":"https:\/\/www.facebook.com\/symphoniesucree","article_modified_time":"2024-09-27T14:14:58+00:00","twitter_card":"summary_large_image","twitter_misc":{"Est. reading time":"2 minutes"},"schema":{"@context":"https:\/\/schema.org","@graph":[{"@type":"WebPage","@id":"https:\/\/symphonie-sucree.com\/en\/elements\/video-section","url":"https:\/\/symphonie-sucree.com\/en\/elements\/video-section","name":"Video Section - Symphonie Sucr\u00e9e","isPartOf":{"@id":"https:\/\/symphonie-sucree.com\/en#website"},"datePublished":"2017-11-03T15:31:53+00:00","dateModified":"2024-09-27T14:14:58+00:00","breadcrumb":{"@id":"https:\/\/symphonie-sucree.com\/en\/elements\/video-section#breadcrumb"},"inLanguage":"en-US","potentialAction":[{"@type":"ReadAction","target":["https:\/\/symphonie-sucree.com\/en\/elements\/video-section"]}]},{"@type":"BreadcrumbList","@id":"https:\/\/symphonie-sucree.com\/en\/elements\/video-section#breadcrumb","itemListElement":[{"@type":"ListItem","position":1,"name":"Home","item":"https:\/\/symphonie-sucree.com\/en"},{"@type":"ListItem","position":2,"name":"Elements","item":"https:\/\/symphonie-sucree.com\/en\/elements"},{"@type":"ListItem","position":3,"name":"Video Section"}]},{"@type":"WebSite","@id":"https:\/\/symphonie-sucree.com\/en#website","url":"https:\/\/symphonie-sucree.com\/en","name":"Symphonie Sucre","description":"Caf\u00e9 et p\u00e2tisserie artisanale \u00e0 Longueuil","publisher":{"@id":"https:\/\/symphonie-sucree.com\/en#organization"},"potentialAction":[{"@type":"SearchAction","target":{"@type":"EntryPoint","urlTemplate":"https:\/\/symphonie-sucree.com\/en?s={search_term_string}"},"query-input":{"@type":"PropertyValueSpecification","valueRequired":true,"valueName":"search_term_string"}}],"inLanguage":"en-US"},{"@type":"Organization","@id":"https:\/\/symphonie-sucree.com\/en#organization","name":"Symphonie Sucre","url":"https:\/\/symphonie-sucree.com\/en","logo":{"@type":"ImageObject","inLanguage":"en-US","@id":"https:\/\/symphonie-sucree.com\/en#\/schema\/logo\/image\/","url":"https:\/\/symphonie-sucree.com\/wp-content\/uploads\/2024\/08\/logo_caramel_rond.png","contentUrl":"https:\/\/symphonie-sucree.com\/wp-content\/uploads\/2024\/08\/logo_caramel_rond.png","width":661,"height":661,"caption":"Symphonie Sucre"},"image":{"@id":"https:\/\/symphonie-sucree.com\/en#\/schema\/logo\/image\/"},"sameAs":["https:\/\/www.facebook.com\/symphoniesucree","https:\/\/www.instagram.com\/symphonie.sucree\/"]}]}},"_links":{"self":[{"href":"https:\/\/symphonie-sucree.com\/en\/wp-json\/wp\/v2\/pages\/2770","targetHints":{"allow":["GET"]}}],"collection":[{"href":"https:\/\/symphonie-sucree.com\/en\/wp-json\/wp\/v2\/pages"}],"about":[{"href":"https:\/\/symphonie-sucree.com\/en\/wp-json\/wp\/v2\/types\/page"}],"author":[{"embeddable":true,"href":"https:\/\/symphonie-sucree.com\/en\/wp-json\/wp\/v2\/users\/1"}],"replies":[{"embeddable":true,"href":"https:\/\/symphonie-sucree.com\/en\/wp-json\/wp\/v2\/comments?post=2770"}],"version-history":[{"count":2,"href":"https:\/\/symphonie-sucree.com\/en\/wp-json\/wp\/v2\/pages\/2770\/revisions"}],"predecessor-version":[{"id":2773,"href":"https:\/\/symphonie-sucree.com\/en\/wp-json\/wp\/v2\/pages\/2770\/revisions\/2773"}],"up":[{"embeddable":true,"href":"https:\/\/symphonie-sucree.com\/en\/wp-json\/wp\/v2\/pages\/2734"}],"wp:attachment":[{"href":"https:\/\/symphonie-sucree.com\/en\/wp-json\/wp\/v2\/media?parent=2770"}],"curies":[{"name":"wp","href":"https:\/\/api.w.org\/{rel}","templated":true}]}}