{"id":2753,"date":"2017-11-01T13:12:40","date_gmt":"2017-11-01T13:12:40","guid":{"rendered":"https:\/\/symphonie-sucree.com\/contact"},"modified":"2024-11-30T02:20:29","modified_gmt":"2024-11-30T02:20:29","slug":"contact","status":"publish","type":"page","link":"https:\/\/symphonie-sucree.com\/en\/contact","title":{"rendered":"Contact"},"content":{"rendered":"<p>[vc_row content_layout=&#8221;boxed&#8221; equal_height=&#8221;&#8221; animation_delay=&#8221;&#8221; disable=&#8221;&#8221; id=&#8221;&#8221; class=&#8221;&#8221; bg_type=&#8221;image&#8221; bg_image=&#8221;&#8221; color_overlay=&#8221;&#8221; enable_parallax=&#8221;&#8221; enable_pattern=&#8221;&#8221;][vc_column layout=&#8221;normal&#8221; vertical_align=&#8221;auto&#8221; animation_delay=&#8221;&#8221; width=&#8221;1\/6&#8243;][\/vc_column][vc_column layout=&#8221;normal&#8221; vertical_align=&#8221;auto&#8221; animation_delay=&#8221;&#8221; width=&#8221;2\/3&#8243;]\t\t<header class=\"vu_heading vu_h-style-3 vu_h-alignment-center personalized title-page vc_custom_1732933216341\">\r\n\t\t\t\r\n\t\t\t<h2 class=\"vu_h-heading\"><span><\/span><\/h2>\r\n\r\n\t\t\t\t\t\t\t<div class=\"vu_h-subheading\">\r\n\t\t\t\t\t<p>Vous avez une question ou souhaitez passer une commande ? Que ce soit pour une privatisation, une commande de p\u00e2tisseries ou simplement pour en savoir plus sur nos services, nous serons ravis de vous r\u00e9pondre. Notre caf\u00e9 p\u00e2tisserie, situ\u00e9 \u00e0 Saint-Hubert, Longueuil sur la Rive-Sud de Montr\u00e9al, est ouvert \u00e0 toutes vos demandes. Remplissez le formulaire ci-dessous ou appelez-nous directement, et nous vous r\u00e9pondrons dans les plus brefs d\u00e9lais.<\/p>\n\t\t\t\t<\/div>\r\n\t\t\t\t\t<\/header>\r\n\t[\/vc_column][vc_column layout=&#8221;normal&#8221; vertical_align=&#8221;auto&#8221; animation_delay=&#8221;&#8221; width=&#8221;1\/6&#8243;][\/vc_column][\/vc_row][vc_section content_layout=&#8221;boxed&#8221; animation_delay=&#8221;&#8221; disable=&#8221;&#8221; id=&#8221;&#8221; class=&#8221;&#8221; bg_type=&#8221;image&#8221; bg_image=&#8221;&#8221; color_overlay=&#8221;&#8221; enable_parallax=&#8221;&#8221; enable_pattern=&#8221;&#8221; css=&#8221;.vc_custom_1512405225568{margin-bottom: 20px !important;}&#8221;][vc_row content_layout=&#8221;boxed&#8221; equal_height=&#8221;&#8221; animation_delay=&#8221;&#8221; disable=&#8221;&#8221; id=&#8221;&#8221; class=&#8221;&#8221; bg_type=&#8221;image&#8221; bg_image=&#8221;&#8221; color_overlay=&#8221;&#8221; enable_parallax=&#8221;&#8221; enable_pattern=&#8221;&#8221;][vc_column layout=&#8221;normal&#8221; vertical_align=&#8221;auto&#8221; animation_delay=&#8221;&#8221; width=&#8221;1\/3&#8243;][vc_column_text el_class=&#8221;m-b-20&#8243;]<\/p>\n<h4 class=\"fs-15 m-t-30 m-b-0\">CONTACT US DIRECTLY<\/h4>\n<p>[\/vc_column_text]\t\t\t<div class=\"vu_icon-box vu_ib-size-small vu_ib-position-left vu_ib-style-none vu_ib-color-primary clearfix  contact-page vc_custom_1727289145940\">\r\n\t\t\t\t\r\n\t\t\t\t\r\n\t\t\t\t<span class=\"vu_ib-icon\"><i class=\"fas fa-phone\"><\/i><\/span>\r\n\r\n\t\t\t\t\t\t\t\t\t<div class=\"vu_ib-content\">\r\n\t\t\t\t\t\t<h5 class=\"vu_ib-title\">+1 (438) 630-3846<\/h5>\t\t\t\t\t\t\r\n\t\t\t\t\t\t\t\t\t\t\t<\/div>\r\n\t\t\t\t\r\n\t\t\t\t\t\t\t<\/div>\r\n\t\t\t\t\t<div class=\"vu_icon-box vu_ib-size-small vu_ib-position-left vu_ib-style-none vu_ib-color-primary clearfix  contact-page vc_custom_1727289152441\">\r\n\t\t\t\t\r\n\t\t\t\t\r\n\t\t\t\t<span class=\"vu_ib-icon\"><i class=\"fas fa-map-marker-alt\"><\/i><\/span>\r\n\r\n\t\t\t\t\t\t\t\t\t<div class=\"vu_ib-content\">\r\n\t\t\t\t\t\t<h5 class=\"vu_ib-title\">5503 ch. de Chambly, Longueuil, J3Y 3P4<\/h5>\t\t\t\t\t\t\r\n\t\t\t\t\t\t\t\t\t\t\t<\/div>\r\n\t\t\t\t\r\n\t\t\t\t\t\t\t<\/div>\r\n\t\t\t\t\t<div class=\"vu_icon-box vu_ib-size-small vu_ib-position-left vu_ib-style-none vu_ib-color-primary clearfix  contact-page\">\r\n\t\t\t\t\r\n\t\t\t\t\r\n\t\t\t\t<span class=\"vu_ib-icon\"><i class=\"fas fa-envelope\"><\/i><\/span>\r\n\r\n\t\t\t\t\t\t\t\t\t<div class=\"vu_ib-content\">\r\n\t\t\t\t\t\t<h5 class=\"vu_ib-title\"><a href=\"mailto:contact@symphonie-sucree.com\" title=\"\" target=\"_self\">contact@symphonie-sucree.com<\/a><\/h5>\t\t\t\t\t\t\r\n\t\t\t\t\t\t\t\t\t\t\t<\/div>\r\n\t\t\t\t\r\n\t\t\t\t\t\t\t<\/div>\r\n\t\t\t\t\t<div class=\"vu_icon-box vu_ib-size-small vu_ib-position-left vu_ib-style-none vu_ib-color-primary clearfix  contact-page\">\r\n\t\t\t\t\r\n\t\t\t\t\r\n\t\t\t\t<span class=\"vu_ib-icon\"><i class=\"far fa-clock\"><\/i><\/span>\r\n\r\n\t\t\t\t\t\t\t\t\t<div class=\"vu_ib-content\">\r\n\t\t\t\t\t\t<h5 class=\"vu_ib-title\">Horaires d&#039;ouverture<\/h5>\t\t\t\t\t\t<div class=\"vu_ib-description\"><p>Lundi - Samedi : 8h30 \u00e0 17h<br \/>\nDimanche : Ferm\u00e9<\/p>\n<\/div>\r\n\t\t\t\t\t\t\t\t\t\t\t<\/div>\r\n\t\t\t\t\r\n\t\t\t\t\t\t\t<\/div>\r\n\t\t[vc_column_text css=&#8221;.vc_custom_1727289069412{margin-bottom: 21px !important;}&#8221;]<\/p>\n<h4 class=\"fs-15 m-t-0 m-b-20\">FOLLOW US<\/h4>\n<p>[\/vc_column_text]\t\t<div class=\"vu_social-networks vu_sn-size-small vu_sn-alignment-left\">\n\t\t\t\t\t\t\t<div class=\"vu_sn-container\">\n\t\t\t\t<div class=\"vu_social-icon\"><a href=\"https:\/\/www.facebook.com\/symphoniesucree\" target=\"_blank\" rel=\"nofollow\"><i class=\"fa fa-facebook\"><\/i><\/a><\/div><div class=\"vu_social-icon\"><a href=\"https:\/\/www.instagram.com\/symphonie.sucree\/\" target=\"_blank\" rel=\"nofollow\"><i class=\"fa fa-instagram\"><\/i><\/a><\/div>\t\t\t<\/div>\n\t\t<\/div>\n\t[\/vc_column][vc_column layout=&#8221;normal&#8221; vertical_align=&#8221;auto&#8221; animation_delay=&#8221;&#8221; width=&#8221;2\/3&#8243;][vc_column_text el_class=&#8221;m-b-25&#8243;]<\/p>\n<h4 class=\"fs-15 m-t-30 m-b-0\">LEAVE US A MESSAGE<\/h4>\n<p>[\/vc_column_text]\t\t<div class=\"vu_contact-form-7 vu_cf7-style-default clearfix \">\r\n\t\t\t\r\n\t\t\t\n<div class=\"wpcf7 no-js\" id=\"wpcf7-f2829-o1\" lang=\"en-US\" dir=\"ltr\" data-wpcf7-id=\"2829\">\n<div class=\"screen-reader-response\"><p role=\"status\" aria-live=\"polite\" aria-atomic=\"true\"><\/p> <ul><\/ul><\/div>\n<form action=\"\/en\/wp-json\/wp\/v2\/pages\/2753#wpcf7-f2829-o1\" method=\"post\" class=\"wpcf7-form init vu_cf7-frm\" aria-label=\"Contact form\" novalidate=\"novalidate\" data-status=\"init\">\n<fieldset class=\"hidden-fields-container\"><input type=\"hidden\" name=\"_wpcf7\" value=\"2829\" \/><input type=\"hidden\" name=\"_wpcf7_version\" value=\"6.1.5\" \/><input type=\"hidden\" name=\"_wpcf7_locale\" value=\"en_US\" \/><input type=\"hidden\" name=\"_wpcf7_unit_tag\" value=\"wpcf7-f2829-o1\" \/><input type=\"hidden\" name=\"_wpcf7_container_post\" value=\"0\" \/><input type=\"hidden\" name=\"_wpcf7_posted_data_hash\" value=\"\" \/><input type=\"hidden\" name=\"_cf7a__timestamp\" value=\"EN2oRgVb6OD1F+SMqZM3cw==\" \/><input type=\"hidden\" name=\"_cf7a_version\" value=\"1.0\" \/><input type=\"hidden\" name=\"_cf7a_address\" value=\"wk+821Bzc3Dos3H2Eri5rw==\" \/><input type=\"hidden\" name=\"_cf7a_referer\" value=\"mLs1fIHO9WtCRbA614hU4Q==\" \/><input type=\"hidden\" name=\"_cf7a_protocol\" value=\"vqGn9Ej19Fxca+3D+8brLA==\" \/><input type=\"hidden\" name=\"_cf7a_bot_fingerprint\" value=\"EN2oRgVb6OD1F+SMqZM3cw==\" \/><input type=\"hidden\" name=\"_cf7a_bot_fingerprint_extras\" \/><input type=\"hidden\" name=\"_cf7a_append_on_submit\" \/>\n<\/fieldset>\n<div class=\"row\">\n\t<div class=\"col-xs-6 m-b-15\">\n\t\t<p><span class=\"wpcf7-form-control-wrap\" data-name=\"prenom\"><input type=\"text\" name=\"name\" value=\"\" autocomplete=\"fill\" class=\"fit-the-fullspace\" aria-hidden=\"true\" tabindex=\"-1\" \/><input size=\"40\" maxlength=\"400\" class=\"wpcf7-form-control wpcf7-text wpcf7-validates-as-required form-control m-b-5\" aria-required=\"true\" aria-invalid=\"false\" placeholder=\"First name\" value=\"\" type=\"text\" name=\"prenom\" \/><\/span>\n\t\t<\/p>\n\t<\/div>\n\t<div class=\"col-xs-6 m-b-15\">\n\t\t<p><span class=\"wpcf7-form-control-wrap\" data-name=\"nom\"><input type=\"text\" name=\"email\" value=\"\" autocomplete=\"fill\" class=\"fit-the-fullspace\" aria-hidden=\"true\" tabindex=\"-1\" \/><input size=\"40\" maxlength=\"400\" class=\"wpcf7-form-control wpcf7-text wpcf7-validates-as-required form-control m-b-5\" aria-required=\"true\" aria-invalid=\"false\" placeholder=\"Name\" value=\"\" type=\"text\" name=\"nom\" \/><\/span>\n\t\t<\/p>\n\t<\/div>\n<\/div>\n<div class=\"row\">\n\t<div class=\"col-xs-6 m-b-15\">\n\t\t<p><span class=\"wpcf7-form-control-wrap\" data-name=\"telephone\"><input size=\"40\" maxlength=\"400\" class=\"wpcf7-form-control wpcf7-tel wpcf7-validates-as-required wpcf7-text wpcf7-validates-as-tel form-control m-b-5\" aria-required=\"true\" aria-invalid=\"false\" placeholder=\"Phone\" value=\"\" type=\"tel\" name=\"telephone\" \/><\/span>\n\t\t<\/p>\n\t<\/div>\n\t<div class=\"col-xs-6 m-b-15\">\n\t\t<p><span class=\"wpcf7-form-control-wrap\" data-name=\"courriel\"><input size=\"40\" maxlength=\"400\" class=\"wpcf7-form-control wpcf7-email wpcf7-validates-as-required wpcf7-text wpcf7-validates-as-email form-control m-b-5\" aria-required=\"true\" aria-invalid=\"false\" placeholder=\"E-mail\" value=\"\" type=\"email\" name=\"courriel\" \/><\/span>\n\t\t<\/p>\n\t<\/div>\n<\/div>\n<div class=\"row\">\n\t<div class=\"col-xs-12 m-b-15\">\n\t\t<p><span class=\"wpcf7-form-control-wrap\" data-name=\"sujet\"><select class=\"wpcf7-form-control wpcf7-select wpcf7-validates-as-required form-control m-b-5\" aria-required=\"true\" aria-invalid=\"false\" name=\"sujet\"><option value=\"Select a topic\">Select a topic<\/option><option value=\"Shop information\">Shop information<\/option><option value=\"Shop privatization\">Shop privatization<\/option><option value=\"Order information\">Order information<\/option><option value=\"Corporate event\">Corporate event<\/option><option value=\"Other\">Other<\/option><\/select><\/span>\n\t\t<\/p>\n\t<\/div>\n<\/div>\n<div class=\"row\">\n\t<div class=\"col-xs-12 m-b-15\">\n\t\t<p><span class=\"wpcf7-form-control-wrap\" data-name=\"message\"><textarea cols=\"40\" rows=\"7\" maxlength=\"2000\" class=\"wpcf7-form-control wpcf7-textarea wpcf7-validates-as-required form-control m-b-5\" aria-required=\"true\" aria-invalid=\"false\" placeholder=\"Message\" name=\"message\"><\/textarea><\/span>\n\t\t<\/p>\n\t<\/div>\n<\/div>\n<div id=\"cf7sr-69de2ee69dd3a\" class=\"cf7sr-g-recaptcha\" data-theme=\"light\" data-type=\"image\" data-size=\"normal\" data-sitekey=\"6LeQ-08sAAAAAFyhGHhFD8PdBTCrOVItvjqxxYG6\"><\/div><span class=\"wpcf7-form-control-wrap cf7sr-recaptcha\" data-name=\"cf7sr-recaptcha\"><input type=\"hidden\" name=\"cf7sr-recaptcha\" value=\"\" class=\"wpcf7-form-control\"><\/span>\n<\/p>\n<div class=\"row\">\n\t<div class=\"col-xs-12 text-right\">\n\t\t<p><input class=\"wpcf7-form-control wpcf7-submit has-spinner btn btn-primary btn-sm btn-inverse btn-round\" type=\"submit\" value=\"SEND MESSAGE\" \/>\n\t\t<\/p>\n\t<\/div>\n<\/div><input type='hidden' class='wpcf7-pum' value='{\"closepopup\":false,\"closedelay\":0,\"openpopup\":false,\"openpopup_id\":0}' \/><div class=\"wpcf7-response-output\" aria-hidden=\"true\"><\/div>\n<\/form>\n<\/div>\n\t\t<\/div>\r\n\t[\/vc_column][\/vc_row][\/vc_section]<\/p>\n","protected":false},"excerpt":{"rendered":"<p>[vc_row content_layout=&#8221;boxed&#8221; equal_height=&#8221;&#8221; animation_delay=&#8221;&#8221; disable=&#8221;&#8221; id=&#8221;&#8221; class=&#8221;&#8221; bg_type=&#8221;image&#8221; bg_image=&#8221;&#8221; color_overlay=&#8221;&#8221; enable_parallax=&#8221;&#8221; enable_pattern=&#8221;&#8221;][vc_column layout=&#8221;normal&#8221; vertical_align=&#8221;auto&#8221; animation_delay=&#8221;&#8221; width=&#8221;1\/6&#8243;][\/vc_column][vc_column layout=&#8221;normal&#8221; vertical_align=&#8221;auto&#8221; animation_delay=&#8221;&#8221; width=&#8221;2\/3&#8243;][\/vc_column][vc_column layout=&#8221;normal&#8221; vertical_align=&#8221;auto&#8221; animation_delay=&#8221;&#8221; width=&#8221;1\/6&#8243;][\/vc_column][\/vc_row][vc_section content_layout=&#8221;boxed&#8221; animation_delay=&#8221;&#8221; disable=&#8221;&#8221; id=&#8221;&#8221; class=&#8221;&#8221; bg_type=&#8221;image&#8221; bg_image=&#8221;&#8221; color_overlay=&#8221;&#8221; enable_parallax=&#8221;&#8221; enable_pattern=&#8221;&#8221; css=&#8221;.vc_custom_1512405225568{margin-bottom: 20px !important;}&#8221;][vc_row content_layout=&#8221;boxed&#8221; equal_height=&#8221;&#8221; animation_delay=&#8221;&#8221; disable=&#8221;&#8221; id=&#8221;&#8221; class=&#8221;&#8221; bg_type=&#8221;image&#8221; bg_image=&#8221;&#8221; color_overlay=&#8221;&#8221; enable_parallax=&#8221;&#8221; enable_pattern=&#8221;&#8221;][vc_column layout=&#8221;normal&#8221; vertical_align=&#8221;auto&#8221; animation_delay=&#8221;&#8221; width=&#8221;1\/3&#8243;][vc_column_text el_class=&#8221;m-b-20&#8243;] CONTACT US [&hellip;]<\/p>\n","protected":false},"author":1,"featured_media":0,"parent":0,"menu_order":0,"comment_status":"closed","ping_status":"closed","template":"","meta":{"footnotes":""},"class_list":["post-2753","page","type-page","status-publish","hentry"],"yoast_head":"<!-- This site is optimized with the Yoast SEO plugin v27.3 - https:\/\/yoast.com\/product\/yoast-seo-wordpress\/ -->\n<title>Contact - Symphonie Sucr\u00e9e<\/title>\n<meta name=\"robots\" content=\"index, follow, max-snippet:-1, max-image-preview:large, max-video-preview:-1\" \/>\n<link rel=\"canonical\" href=\"https:\/\/symphonie-sucree.com\/en\/contact\" \/>\n<meta property=\"og:locale\" content=\"en_US\" \/>\n<meta property=\"og:type\" content=\"article\" \/>\n<meta property=\"og:title\" content=\"Contact - Symphonie Sucr\u00e9e\" \/>\n<meta property=\"og:description\" content=\"[vc_row content_layout=&#8221;boxed&#8221; equal_height=&#8221;&#8221; animation_delay=&#8221;&#8221; disable=&#8221;&#8221; id=&#8221;&#8221; class=&#8221;&#8221; bg_type=&#8221;image&#8221; bg_image=&#8221;&#8221; color_overlay=&#8221;&#8221; enable_parallax=&#8221;&#8221; enable_pattern=&#8221;&#8221;][vc_column layout=&#8221;normal&#8221; vertical_align=&#8221;auto&#8221; animation_delay=&#8221;&#8221; width=&#8221;1\/6&#8243;][\/vc_column][vc_column layout=&#8221;normal&#8221; vertical_align=&#8221;auto&#8221; animation_delay=&#8221;&#8221; width=&#8221;2\/3&#8243;][\/vc_column][vc_column layout=&#8221;normal&#8221; vertical_align=&#8221;auto&#8221; animation_delay=&#8221;&#8221; width=&#8221;1\/6&#8243;][\/vc_column][\/vc_row][vc_section content_layout=&#8221;boxed&#8221; animation_delay=&#8221;&#8221; disable=&#8221;&#8221; id=&#8221;&#8221; class=&#8221;&#8221; bg_type=&#8221;image&#8221; bg_image=&#8221;&#8221; color_overlay=&#8221;&#8221; enable_parallax=&#8221;&#8221; enable_pattern=&#8221;&#8221; css=&#8221;.vc_custom_1512405225568{margin-bottom: 20px !important;}&#8221;][vc_row content_layout=&#8221;boxed&#8221; equal_height=&#8221;&#8221; animation_delay=&#8221;&#8221; disable=&#8221;&#8221; id=&#8221;&#8221; class=&#8221;&#8221; bg_type=&#8221;image&#8221; bg_image=&#8221;&#8221; color_overlay=&#8221;&#8221; enable_parallax=&#8221;&#8221; enable_pattern=&#8221;&#8221;][vc_column layout=&#8221;normal&#8221; vertical_align=&#8221;auto&#8221; animation_delay=&#8221;&#8221; width=&#8221;1\/3&#8243;][vc_column_text el_class=&#8221;m-b-20&#8243;] CONTACT US [&hellip;]\" \/>\n<meta property=\"og:url\" content=\"https:\/\/symphonie-sucree.com\/en\/contact\" \/>\n<meta property=\"og:site_name\" content=\"Symphonie Sucr\u00e9e\" \/>\n<meta property=\"article:publisher\" content=\"https:\/\/www.facebook.com\/symphoniesucree\" \/>\n<meta property=\"article:modified_time\" content=\"2024-11-30T02:20:29+00:00\" \/>\n<meta name=\"twitter:card\" content=\"summary_large_image\" \/>\n<meta name=\"twitter:label1\" content=\"Est. reading time\" \/>\n\t<meta name=\"twitter:data1\" content=\"2 minutes\" \/>\n<script type=\"application\/ld+json\" class=\"yoast-schema-graph\">{\"@context\":\"https:\\\/\\\/schema.org\",\"@graph\":[{\"@type\":\"WebPage\",\"@id\":\"https:\\\/\\\/symphonie-sucree.com\\\/en\\\/contact\",\"url\":\"https:\\\/\\\/symphonie-sucree.com\\\/en\\\/contact\",\"name\":\"Contact - Symphonie Sucr\u00e9e\",\"isPartOf\":{\"@id\":\"https:\\\/\\\/symphonie-sucree.com\\\/en#website\"},\"datePublished\":\"2017-11-01T13:12:40+00:00\",\"dateModified\":\"2024-11-30T02:20:29+00:00\",\"breadcrumb\":{\"@id\":\"https:\\\/\\\/symphonie-sucree.com\\\/en\\\/contact#breadcrumb\"},\"inLanguage\":\"en-US\",\"potentialAction\":[{\"@type\":\"ReadAction\",\"target\":[\"https:\\\/\\\/symphonie-sucree.com\\\/en\\\/contact\"]}]},{\"@type\":\"BreadcrumbList\",\"@id\":\"https:\\\/\\\/symphonie-sucree.com\\\/en\\\/contact#breadcrumb\",\"itemListElement\":[{\"@type\":\"ListItem\",\"position\":1,\"name\":\"Home\",\"item\":\"https:\\\/\\\/symphonie-sucree.com\\\/en\"},{\"@type\":\"ListItem\",\"position\":2,\"name\":\"Contact\"}]},{\"@type\":\"WebSite\",\"@id\":\"https:\\\/\\\/symphonie-sucree.com\\\/en#website\",\"url\":\"https:\\\/\\\/symphonie-sucree.com\\\/en\",\"name\":\"Symphonie Sucre\",\"description\":\"Caf\u00e9 et p\u00e2tisserie artisanale \u00e0 Longueuil\",\"publisher\":{\"@id\":\"https:\\\/\\\/symphonie-sucree.com\\\/en#organization\"},\"potentialAction\":[{\"@type\":\"SearchAction\",\"target\":{\"@type\":\"EntryPoint\",\"urlTemplate\":\"https:\\\/\\\/symphonie-sucree.com\\\/en?s={search_term_string}\"},\"query-input\":{\"@type\":\"PropertyValueSpecification\",\"valueRequired\":true,\"valueName\":\"search_term_string\"}}],\"inLanguage\":\"en-US\"},{\"@type\":\"Organization\",\"@id\":\"https:\\\/\\\/symphonie-sucree.com\\\/en#organization\",\"name\":\"Symphonie Sucre\",\"url\":\"https:\\\/\\\/symphonie-sucree.com\\\/en\",\"logo\":{\"@type\":\"ImageObject\",\"inLanguage\":\"en-US\",\"@id\":\"https:\\\/\\\/symphonie-sucree.com\\\/en#\\\/schema\\\/logo\\\/image\\\/\",\"url\":\"https:\\\/\\\/symphonie-sucree.com\\\/wp-content\\\/uploads\\\/2024\\\/08\\\/logo_caramel_rond.png\",\"contentUrl\":\"https:\\\/\\\/symphonie-sucree.com\\\/wp-content\\\/uploads\\\/2024\\\/08\\\/logo_caramel_rond.png\",\"width\":661,\"height\":661,\"caption\":\"Symphonie Sucre\"},\"image\":{\"@id\":\"https:\\\/\\\/symphonie-sucree.com\\\/en#\\\/schema\\\/logo\\\/image\\\/\"},\"sameAs\":[\"https:\\\/\\\/www.facebook.com\\\/symphoniesucree\",\"https:\\\/\\\/www.instagram.com\\\/symphonie.sucree\\\/\"]}]}<\/script>\n<!-- \/ Yoast SEO plugin. -->","yoast_head_json":{"title":"Contact - Symphonie Sucr\u00e9e","robots":{"index":"index","follow":"follow","max-snippet":"max-snippet:-1","max-image-preview":"max-image-preview:large","max-video-preview":"max-video-preview:-1"},"canonical":"https:\/\/symphonie-sucree.com\/en\/contact","og_locale":"en_US","og_type":"article","og_title":"Contact - Symphonie Sucr\u00e9e","og_description":"[vc_row content_layout=&#8221;boxed&#8221; equal_height=&#8221;&#8221; animation_delay=&#8221;&#8221; disable=&#8221;&#8221; id=&#8221;&#8221; class=&#8221;&#8221; bg_type=&#8221;image&#8221; bg_image=&#8221;&#8221; color_overlay=&#8221;&#8221; enable_parallax=&#8221;&#8221; enable_pattern=&#8221;&#8221;][vc_column layout=&#8221;normal&#8221; vertical_align=&#8221;auto&#8221; animation_delay=&#8221;&#8221; width=&#8221;1\/6&#8243;][\/vc_column][vc_column layout=&#8221;normal&#8221; vertical_align=&#8221;auto&#8221; animation_delay=&#8221;&#8221; width=&#8221;2\/3&#8243;][\/vc_column][vc_column layout=&#8221;normal&#8221; vertical_align=&#8221;auto&#8221; animation_delay=&#8221;&#8221; width=&#8221;1\/6&#8243;][\/vc_column][\/vc_row][vc_section content_layout=&#8221;boxed&#8221; animation_delay=&#8221;&#8221; disable=&#8221;&#8221; id=&#8221;&#8221; class=&#8221;&#8221; bg_type=&#8221;image&#8221; bg_image=&#8221;&#8221; color_overlay=&#8221;&#8221; enable_parallax=&#8221;&#8221; enable_pattern=&#8221;&#8221; css=&#8221;.vc_custom_1512405225568{margin-bottom: 20px !important;}&#8221;][vc_row content_layout=&#8221;boxed&#8221; equal_height=&#8221;&#8221; animation_delay=&#8221;&#8221; disable=&#8221;&#8221; id=&#8221;&#8221; class=&#8221;&#8221; bg_type=&#8221;image&#8221; bg_image=&#8221;&#8221; color_overlay=&#8221;&#8221; enable_parallax=&#8221;&#8221; enable_pattern=&#8221;&#8221;][vc_column layout=&#8221;normal&#8221; vertical_align=&#8221;auto&#8221; animation_delay=&#8221;&#8221; width=&#8221;1\/3&#8243;][vc_column_text el_class=&#8221;m-b-20&#8243;] CONTACT US [&hellip;]","og_url":"https:\/\/symphonie-sucree.com\/en\/contact","og_site_name":"Symphonie Sucr\u00e9e","article_publisher":"https:\/\/www.facebook.com\/symphoniesucree","article_modified_time":"2024-11-30T02:20:29+00:00","twitter_card":"summary_large_image","twitter_misc":{"Est. reading time":"2 minutes"},"schema":{"@context":"https:\/\/schema.org","@graph":[{"@type":"WebPage","@id":"https:\/\/symphonie-sucree.com\/en\/contact","url":"https:\/\/symphonie-sucree.com\/en\/contact","name":"Contact - Symphonie Sucr\u00e9e","isPartOf":{"@id":"https:\/\/symphonie-sucree.com\/en#website"},"datePublished":"2017-11-01T13:12:40+00:00","dateModified":"2024-11-30T02:20:29+00:00","breadcrumb":{"@id":"https:\/\/symphonie-sucree.com\/en\/contact#breadcrumb"},"inLanguage":"en-US","potentialAction":[{"@type":"ReadAction","target":["https:\/\/symphonie-sucree.com\/en\/contact"]}]},{"@type":"BreadcrumbList","@id":"https:\/\/symphonie-sucree.com\/en\/contact#breadcrumb","itemListElement":[{"@type":"ListItem","position":1,"name":"Home","item":"https:\/\/symphonie-sucree.com\/en"},{"@type":"ListItem","position":2,"name":"Contact"}]},{"@type":"WebSite","@id":"https:\/\/symphonie-sucree.com\/en#website","url":"https:\/\/symphonie-sucree.com\/en","name":"Symphonie Sucre","description":"Caf\u00e9 et p\u00e2tisserie artisanale \u00e0 Longueuil","publisher":{"@id":"https:\/\/symphonie-sucree.com\/en#organization"},"potentialAction":[{"@type":"SearchAction","target":{"@type":"EntryPoint","urlTemplate":"https:\/\/symphonie-sucree.com\/en?s={search_term_string}"},"query-input":{"@type":"PropertyValueSpecification","valueRequired":true,"valueName":"search_term_string"}}],"inLanguage":"en-US"},{"@type":"Organization","@id":"https:\/\/symphonie-sucree.com\/en#organization","name":"Symphonie Sucre","url":"https:\/\/symphonie-sucree.com\/en","logo":{"@type":"ImageObject","inLanguage":"en-US","@id":"https:\/\/symphonie-sucree.com\/en#\/schema\/logo\/image\/","url":"https:\/\/symphonie-sucree.com\/wp-content\/uploads\/2024\/08\/logo_caramel_rond.png","contentUrl":"https:\/\/symphonie-sucree.com\/wp-content\/uploads\/2024\/08\/logo_caramel_rond.png","width":661,"height":661,"caption":"Symphonie Sucre"},"image":{"@id":"https:\/\/symphonie-sucree.com\/en#\/schema\/logo\/image\/"},"sameAs":["https:\/\/www.facebook.com\/symphoniesucree","https:\/\/www.instagram.com\/symphonie.sucree\/"]}]}},"_links":{"self":[{"href":"https:\/\/symphonie-sucree.com\/en\/wp-json\/wp\/v2\/pages\/2753","targetHints":{"allow":["GET"]}}],"collection":[{"href":"https:\/\/symphonie-sucree.com\/en\/wp-json\/wp\/v2\/pages"}],"about":[{"href":"https:\/\/symphonie-sucree.com\/en\/wp-json\/wp\/v2\/types\/page"}],"author":[{"embeddable":true,"href":"https:\/\/symphonie-sucree.com\/en\/wp-json\/wp\/v2\/users\/1"}],"replies":[{"embeddable":true,"href":"https:\/\/symphonie-sucree.com\/en\/wp-json\/wp\/v2\/comments?post=2753"}],"version-history":[{"count":4,"href":"https:\/\/symphonie-sucree.com\/en\/wp-json\/wp\/v2\/pages\/2753\/revisions"}],"predecessor-version":[{"id":3089,"href":"https:\/\/symphonie-sucree.com\/en\/wp-json\/wp\/v2\/pages\/2753\/revisions\/3089"}],"wp:attachment":[{"href":"https:\/\/symphonie-sucree.com\/en\/wp-json\/wp\/v2\/media?parent=2753"}],"curies":[{"name":"wp","href":"https:\/\/api.w.org\/{rel}","templated":true}]}}