{"id":2745,"date":"2017-11-03T15:18:49","date_gmt":"2017-11-03T15:18:49","guid":{"rendered":"https:\/\/symphonie-sucree.com\/elements\/menu-item"},"modified":"2024-09-27T14:14:54","modified_gmt":"2024-09-27T14:14:54","slug":"menu-item","status":"publish","type":"page","link":"https:\/\/symphonie-sucree.com\/en\/elements\/menu-item","title":{"rendered":"Menu Item"},"content":{"rendered":"<p>[vc_section content_layout=&#8221;full&#8221; animation_delay=&#8221;&#8221; disable=&#8221;&#8221; id=&#8221;&#8221; class=&#8221;&#8221; bg_type=&#8221;image&#8221; bg_image=&#8221;&#8221; color_overlay=&#8221;&#8221; enable_parallax=&#8221;&#8221; enable_pattern=&#8221;&#8221;][vc_row content_layout=&#8221;boxed&#8221; equal_height=&#8221;&#8221; animation_delay=&#8221;&#8221; disable=&#8221;&#8221; id=&#8221;&#8221; class=&#8221;&#8221; bg_type=&#8221;image&#8221; bg_image=&#8221;&#8221; color_overlay=&#8221;&#8221; enable_parallax=&#8221;&#8221; enable_pattern=&#8221;&#8221;][vc_column layout=&#8221;normal&#8221; vertical_align=&#8221;auto&#8221; animation_delay=&#8221;&#8221;]\t\t<header class=\"vu_heading vu_h-style-1 vu_h-alignment-center m-t-0\">\r\n\t\t\t\r\n\t\t\t<h2 class=\"vu_h-heading\"><span>Menu Item<\/span><\/h2>\r\n\r\n\t\t\t\t\t\t\t<div class=\"vu_h-subheading\">\r\n\t\t\t\t\t<p>This element allows you to display a list of items with or without price. It works especially well for menus or a list of services you offer.<\/p>\n\t\t\t\t<\/div>\r\n\t\t\t\t\t<\/header>\r\n\t[\/vc_column][\/vc_row][\/vc_section][vc_section content_layout=&#8221;full&#8221; animation_delay=&#8221;&#8221; disable=&#8221;&#8221; id=&#8221;&#8221; class=&#8221;&#8221; bg_type=&#8221;image&#8221; bg_image=&#8221;&#8221; color_overlay=&#8221;&#8221; enable_parallax=&#8221;&#8221; enable_pattern=&#8221;&#8221; css=&#8221;.vc_custom_1510239161172{margin-bottom: 40px !important;}&#8221;][vc_row content_layout=&#8221;boxed&#8221; equal_height=&#8221;&#8221; animation_delay=&#8221;&#8221; disable=&#8221;&#8221; id=&#8221;&#8221; class=&#8221;&#8221; bg_type=&#8221;image&#8221; bg_image=&#8221;&#8221; color_overlay=&#8221;&#8221; enable_parallax=&#8221;&#8221; enable_pattern=&#8221;&#8221;][vc_column layout=&#8221;normal&#8221; vertical_align=&#8221;auto&#8221; animation_delay=&#8221;&#8221; width=&#8221;1\/2&#8243;]\t\t<div class=\"vu_menu-item vu_mi-with-older-price clearfix\" itemscope itemtype=\"http:\/\/schema.org\/Product\">\n\t\t\t\n\t\t\t<div class=\"vu_mi-wrapper\">\n\t\t\t\t<h4 class=\"vu_mi-title\" itemprop=\"name\">\n\t\t\t\t\tProduct Name\t\t\t\t<\/h4>\n\n\t\t\t\t<div class=\"vu_mi-line\"><\/div>\n\n\t\t\t\t<h4 class=\"vu_mi-price\" itemprop=\"offers\" itemscope itemtype=\"http:\/\/schema.org\/Offer\">\n\t\t\t\t\t\t\t\t\t\t\t<span class=\"vu_mi-older-price\"><del>$3.99<\/del><\/span>\n\t\t\t\t\t\n\t\t\t\t\t<span class=\"vu_mi-current-price\" itemprop=\"price\" content=\"2.49\">$2.49<\/span><\/h4>\n\t\t\t<\/div>\n\n\t\t\t<div class=\"clear\"><\/div>\n\n\t\t\t<div class=\"vu_mi-description\" itemprop=\"description\"><p>Lorem ipsum dolor sit amet, consectetur adipiscing elit, sed do eiusmod tempor incididunt ut labore et dolore magna aliqua.<\/p>\n<\/div>\t\t<\/div>\n\t\t\t<div class=\"vu_menu-item clearfix\" itemscope itemtype=\"http:\/\/schema.org\/Product\">\n\t\t\t\n\t\t\t<div class=\"vu_mi-wrapper\">\n\t\t\t\t<h4 class=\"vu_mi-title\" itemprop=\"name\">\n\t\t\t\t\tProduct Name\t\t\t\t<\/h4>\n\n\t\t\t\t<div class=\"vu_mi-line\"><\/div>\n\n\t\t\t\t<h4 class=\"vu_mi-price\" itemprop=\"offers\" itemscope itemtype=\"http:\/\/schema.org\/Offer\">\n\t\t\t\t\t\n\t\t\t\t\t<span class=\"vu_mi-current-price\" itemprop=\"price\" content=\"2.49\">$2.49<\/span><\/h4>\n\t\t\t<\/div>\n\n\t\t\t<div class=\"clear\"><\/div>\n\n\t\t\t<div class=\"vu_mi-description\" itemprop=\"description\"><p>Lorem ipsum dolor sit amet, consectetur adipiscing elit, sed do eiusmod tempor incididunt ut labore et dolore magna aliqua.<\/p>\n<\/div>\t\t<\/div>\n\t\t\t<div class=\"vu_menu-item clearfix vu_custom_4897608\" itemscope itemtype=\"http:\/\/schema.org\/Product\">\n\t\t\t\t\t\t\t<style scoped>\n\t\t\t\t\t\t\t\t\t\t\t.vu_menu-item.vu_custom_4897608 .vu_mi-title { color: #555555 }\n\t\t\t\t\t\n\t\t\t\t\t\t\t\t\t\t\t.vu_menu-item.vu_custom_4897608 .vu_mi-description { color: #666666 }\n\t\t\t\t\t\n\t\t\t\t\t\n\t\t\t\t\t\t\t\t\t\t\t.vu_menu-item.vu_custom_4897608 .vu_mi-price { color: #ebb576 }\n\t\t\t\t\t\n\t\t\t\t\t\t\t\t\t\t\t.vu_menu-item.vu_custom_4897608 .vu_mi-line { border-color: #696969 }\n\t\t\t\t\t\t\t\t\t<\/style>\n\t\t\t\n\t\t\t<div class=\"vu_mi-wrapper\">\n\t\t\t\t<h4 class=\"vu_mi-title\" itemprop=\"name\">\n\t\t\t\t\tProduct Name\t\t\t\t<\/h4>\n\n\t\t\t\t<div class=\"vu_mi-line\"><\/div>\n\n\t\t\t\t<h4 class=\"vu_mi-price\" itemprop=\"offers\" itemscope itemtype=\"http:\/\/schema.org\/Offer\">\n\t\t\t\t\t\n\t\t\t\t\t<span class=\"vu_mi-current-price\" itemprop=\"price\" content=\"11.00\">$11.00<\/span><\/h4>\n\t\t\t<\/div>\n\n\t\t\t<div class=\"clear\"><\/div>\n\n\t\t\t<div class=\"vu_mi-description\" itemprop=\"description\"><p>Lorem ipsum dolor sit amet, consectetur adipiscing elit, sed do eiusmod tempor incididunt ut labore et dolore magna aliqua.<\/p>\n<\/div>\t\t<\/div>\n\t\t\t<div class=\"vu_menu-item vu_mi-with-older-price clearfix\" itemscope itemtype=\"http:\/\/schema.org\/Product\">\n\t\t\t\n\t\t\t<div class=\"vu_mi-wrapper\">\n\t\t\t\t<h4 class=\"vu_mi-title\" itemprop=\"name\">\n\t\t\t\t\tProduct Name\t\t\t\t<\/h4>\n\n\t\t\t\t<div class=\"vu_mi-line\"><\/div>\n\n\t\t\t\t<h4 class=\"vu_mi-price\" itemprop=\"offers\" itemscope itemtype=\"http:\/\/schema.org\/Offer\">\n\t\t\t\t\t\t\t\t\t\t\t<span class=\"vu_mi-older-price\"><del>$3.99<\/del><\/span>\n\t\t\t\t\t\n\t\t\t\t\t<span class=\"vu_mi-current-price\" itemprop=\"price\" content=\"2.49\">$2.49<\/span><\/h4>\n\t\t\t<\/div>\n\n\t\t\t<div class=\"clear\"><\/div>\n\n\t\t\t<div class=\"vu_mi-description\" itemprop=\"description\"><p>Lorem ipsum dolor sit amet, consectetur adipiscing elit.<\/p>\n<\/div>\t\t<\/div>\n\t[\/vc_column][vc_column layout=&#8221;normal&#8221; vertical_align=&#8221;auto&#8221; animation_delay=&#8221;&#8221; width=&#8221;1\/2&#8243;]\t\t<div class=\"vu_menu-item clearfix vu_custom_2943103 vc_custom_1512481815730\" itemscope itemtype=\"http:\/\/schema.org\/Product\">\n\t\t\t\t\t\t\t<style scoped>\n\t\t\t\t\t\t\t\t\t\t\t.vu_menu-item.vu_custom_2943103 .vu_mi-title { color: #ffffff }\n\t\t\t\t\t\n\t\t\t\t\t\t\t\t\t\t\t.vu_menu-item.vu_custom_2943103 .vu_mi-description { color: #dddddd }\n\t\t\t\t\t\n\t\t\t\t\t\n\t\t\t\t\t\t\t\t\t\t\t.vu_menu-item.vu_custom_2943103 .vu_mi-price { color: #ffffff }\n\t\t\t\t\t\n\t\t\t\t\t\t\t\t\t\t\t.vu_menu-item.vu_custom_2943103 .vu_mi-line { border-color: #dddddd }\n\t\t\t\t\t\t\t\t\t<\/style>\n\t\t\t\n\t\t\t<div class=\"vu_mi-wrapper\">\n\t\t\t\t<h4 class=\"vu_mi-title\" itemprop=\"name\">\n\t\t\t\t\tProduct Name\t\t\t\t<\/h4>\n\n\t\t\t\t<div class=\"vu_mi-line\"><\/div>\n\n\t\t\t\t<h4 class=\"vu_mi-price\" itemprop=\"offers\" itemscope itemtype=\"http:\/\/schema.org\/Offer\">\n\t\t\t\t\t\n\t\t\t\t\t<span class=\"vu_mi-current-price\" itemprop=\"price\" content=\"11.00\">$11.00<\/span><\/h4>\n\t\t\t<\/div>\n\n\t\t\t<div class=\"clear\"><\/div>\n\n\t\t\t<div class=\"vu_mi-description\" itemprop=\"description\"><p>Lorem ipsum dolor sit amet, consectetur adipiscing elit, sed do eiusmod tempor incididunt ut labore et dolore magna aliqua.<\/p>\n<\/div>\t\t<\/div>\n\t\t\t<div class=\"vu_menu-item vu_mi-with-older-price clearfix vu_custom_7551276 vc_custom_1512481577910\" itemscope itemtype=\"http:\/\/schema.org\/Product\">\n\t\t\t\t\t\t\t<style scoped>\n\t\t\t\t\t\t\t\t\t\t\t.vu_menu-item.vu_custom_7551276 .vu_mi-title { color: #ebb576 }\n\t\t\t\t\t\n\t\t\t\t\t\t\t\t\t\t\t.vu_menu-item.vu_custom_7551276 .vu_mi-description { color: #343434 }\n\t\t\t\t\t\n\t\t\t\t\t\t\t\t\t\t\t.vu_menu-item.vu_custom_7551276 .vu_mi-price { color: #aaaaaa }\n\t\t\t\t\t\n\t\t\t\t\t\t\t\t\t\t\t.vu_menu-item.vu_custom_7551276 .vu_mi-price { color: #555555 }\n\t\t\t\t\t\n\t\t\t\t\t\t\t\t\t\t\t.vu_menu-item.vu_custom_7551276 .vu_mi-line { border-color: #696969 }\n\t\t\t\t\t\t\t\t\t<\/style>\n\t\t\t\n\t\t\t<div class=\"vu_mi-wrapper\">\n\t\t\t\t<h4 class=\"vu_mi-title\" itemprop=\"name\">\n\t\t\t\t\tProduct Name\t\t\t\t<\/h4>\n\n\t\t\t\t<div class=\"vu_mi-line\"><\/div>\n\n\t\t\t\t<h4 class=\"vu_mi-price\" itemprop=\"offers\" itemscope itemtype=\"http:\/\/schema.org\/Offer\">\n\t\t\t\t\t\t\t\t\t\t\t<span class=\"vu_mi-older-price\"><del>$5.00<\/del><\/span>\n\t\t\t\t\t\n\t\t\t\t\t<span class=\"vu_mi-current-price\" itemprop=\"price\" content=\"3.00\">$3.00<\/span><\/h4>\n\t\t\t<\/div>\n\n\t\t\t<div class=\"clear\"><\/div>\n\n\t\t\t<div class=\"vu_mi-description\" itemprop=\"description\"><p>Lorem ipsum dolor sit amet, consectetur adipiscing elit, sed do eiusmod tempor incididunt ut labore et dolore magna aliqua.<\/p>\n<\/div>\t\t<\/div>\n\t\t\t<div class=\"vu_menu-item vu_mi-with-older-price clearfix vu_custom_1089484 vc_custom_1512481601717\" itemscope itemtype=\"http:\/\/schema.org\/Product\">\n\t\t\t\t\t\t\t<style scoped>\n\t\t\t\t\t\t\t\t\t\t\t.vu_menu-item.vu_custom_1089484 .vu_mi-title { color: #555555 }\n\t\t\t\t\t\n\t\t\t\t\t\t\t\t\t\t\t.vu_menu-item.vu_custom_1089484 .vu_mi-description { color: #343434 }\n\t\t\t\t\t\n\t\t\t\t\t\t\t\t\t\t\t.vu_menu-item.vu_custom_1089484 .vu_mi-price { color: #aaaaaa }\n\t\t\t\t\t\n\t\t\t\t\t\t\t\t\t\t\t.vu_menu-item.vu_custom_1089484 .vu_mi-price { color: #ebb576 }\n\t\t\t\t\t\n\t\t\t\t\t\t\t\t\t\t\t.vu_menu-item.vu_custom_1089484 .vu_mi-line { border-color: #696969 }\n\t\t\t\t\t\t\t\t\t<\/style>\n\t\t\t\n\t\t\t<div class=\"vu_mi-wrapper\">\n\t\t\t\t<h4 class=\"vu_mi-title\" itemprop=\"name\">\n\t\t\t\t\tProduct Name\t\t\t\t<\/h4>\n\n\t\t\t\t<div class=\"vu_mi-line\"><\/div>\n\n\t\t\t\t<h4 class=\"vu_mi-price\" itemprop=\"offers\" itemscope itemtype=\"http:\/\/schema.org\/Offer\">\n\t\t\t\t\t\t\t\t\t\t\t<span class=\"vu_mi-older-price\"><del>$5.00<\/del><\/span>\n\t\t\t\t\t\n\t\t\t\t\t<span class=\"vu_mi-current-price\" itemprop=\"price\" content=\"3.00\">$3.00<\/span><\/h4>\n\t\t\t<\/div>\n\n\t\t\t<div class=\"clear\"><\/div>\n\n\t\t\t<div class=\"vu_mi-description\" itemprop=\"description\"><p>Lorem ipsum dolor sit amet, consectetur adipiscing elit, sed do eiusmod tempor incididunt ut labore et dolore magna aliqua.<\/p>\n<\/div>\t\t<\/div>\n\t[\/vc_column][\/vc_row][\/vc_section]<\/p>\n","protected":false},"excerpt":{"rendered":"<p>[vc_section content_layout=&#8221;full&#8221; animation_delay=&#8221;&#8221; disable=&#8221;&#8221; id=&#8221;&#8221; class=&#8221;&#8221; bg_type=&#8221;image&#8221; bg_image=&#8221;&#8221; color_overlay=&#8221;&#8221; enable_parallax=&#8221;&#8221; enable_pattern=&#8221;&#8221;][vc_row content_layout=&#8221;boxed&#8221; equal_height=&#8221;&#8221; animation_delay=&#8221;&#8221; disable=&#8221;&#8221; id=&#8221;&#8221; class=&#8221;&#8221; bg_type=&#8221;image&#8221; bg_image=&#8221;&#8221; color_overlay=&#8221;&#8221; enable_parallax=&#8221;&#8221; enable_pattern=&#8221;&#8221;][vc_column layout=&#8221;normal&#8221; vertical_align=&#8221;auto&#8221; animation_delay=&#8221;&#8221;][\/vc_column][\/vc_row][\/vc_section][vc_section content_layout=&#8221;full&#8221; animation_delay=&#8221;&#8221; disable=&#8221;&#8221; id=&#8221;&#8221; class=&#8221;&#8221; bg_type=&#8221;image&#8221; bg_image=&#8221;&#8221; color_overlay=&#8221;&#8221; enable_parallax=&#8221;&#8221; enable_pattern=&#8221;&#8221; css=&#8221;.vc_custom_1510239161172{margin-bottom: 40px !important;}&#8221;][vc_row content_layout=&#8221;boxed&#8221; equal_height=&#8221;&#8221; animation_delay=&#8221;&#8221; disable=&#8221;&#8221; id=&#8221;&#8221; class=&#8221;&#8221; bg_type=&#8221;image&#8221; bg_image=&#8221;&#8221; color_overlay=&#8221;&#8221; enable_parallax=&#8221;&#8221; enable_pattern=&#8221;&#8221;][vc_column layout=&#8221;normal&#8221; vertical_align=&#8221;auto&#8221; animation_delay=&#8221;&#8221; width=&#8221;1\/2&#8243;][\/vc_column][vc_column layout=&#8221;normal&#8221; vertical_align=&#8221;auto&#8221; [&hellip;]<\/p>\n","protected":false},"author":1,"featured_media":0,"parent":2734,"menu_order":0,"comment_status":"closed","ping_status":"closed","template":"","meta":{"footnotes":""},"class_list":["post-2745","page","type-page","status-publish","hentry"],"yoast_head":"<!-- This site is optimized with the Yoast SEO plugin v27.5 - https:\/\/yoast.com\/product\/yoast-seo-wordpress\/ -->\n<title>Menu Item - Symphonie Sucr\u00e9e<\/title>\n<meta name=\"robots\" content=\"index, follow, max-snippet:-1, max-image-preview:large, max-video-preview:-1\" \/>\n<link rel=\"canonical\" href=\"https:\/\/symphonie-sucree.com\/en\/elements\/menu-item\" \/>\n<meta property=\"og:locale\" content=\"en_US\" \/>\n<meta property=\"og:type\" content=\"article\" \/>\n<meta property=\"og:title\" content=\"Menu Item - Symphonie Sucr\u00e9e\" \/>\n<meta property=\"og:description\" content=\"[vc_section content_layout=&#8221;full&#8221; animation_delay=&#8221;&#8221; disable=&#8221;&#8221; id=&#8221;&#8221; class=&#8221;&#8221; bg_type=&#8221;image&#8221; bg_image=&#8221;&#8221; color_overlay=&#8221;&#8221; enable_parallax=&#8221;&#8221; enable_pattern=&#8221;&#8221;][vc_row content_layout=&#8221;boxed&#8221; equal_height=&#8221;&#8221; animation_delay=&#8221;&#8221; disable=&#8221;&#8221; id=&#8221;&#8221; class=&#8221;&#8221; bg_type=&#8221;image&#8221; bg_image=&#8221;&#8221; color_overlay=&#8221;&#8221; enable_parallax=&#8221;&#8221; enable_pattern=&#8221;&#8221;][vc_column layout=&#8221;normal&#8221; vertical_align=&#8221;auto&#8221; animation_delay=&#8221;&#8221;][\/vc_column][\/vc_row][\/vc_section][vc_section content_layout=&#8221;full&#8221; animation_delay=&#8221;&#8221; disable=&#8221;&#8221; id=&#8221;&#8221; class=&#8221;&#8221; bg_type=&#8221;image&#8221; bg_image=&#8221;&#8221; color_overlay=&#8221;&#8221; enable_parallax=&#8221;&#8221; enable_pattern=&#8221;&#8221; css=&#8221;.vc_custom_1510239161172{margin-bottom: 40px !important;}&#8221;][vc_row content_layout=&#8221;boxed&#8221; equal_height=&#8221;&#8221; animation_delay=&#8221;&#8221; disable=&#8221;&#8221; id=&#8221;&#8221; class=&#8221;&#8221; bg_type=&#8221;image&#8221; bg_image=&#8221;&#8221; color_overlay=&#8221;&#8221; enable_parallax=&#8221;&#8221; enable_pattern=&#8221;&#8221;][vc_column layout=&#8221;normal&#8221; vertical_align=&#8221;auto&#8221; animation_delay=&#8221;&#8221; width=&#8221;1\/2&#8243;][\/vc_column][vc_column layout=&#8221;normal&#8221; vertical_align=&#8221;auto&#8221; [&hellip;]\" \/>\n<meta property=\"og:url\" content=\"https:\/\/symphonie-sucree.com\/en\/elements\/menu-item\" \/>\n<meta property=\"og:site_name\" content=\"Symphonie Sucr\u00e9e\" \/>\n<meta property=\"article:publisher\" content=\"https:\/\/www.facebook.com\/symphoniesucree\" \/>\n<meta property=\"article:modified_time\" content=\"2024-09-27T14:14:54+00:00\" \/>\n<meta name=\"twitter:card\" content=\"summary_large_image\" \/>\n<meta name=\"twitter:label1\" content=\"Est. reading time\" \/>\n\t<meta name=\"twitter:data1\" content=\"3 minutes\" \/>\n<script type=\"application\/ld+json\" class=\"yoast-schema-graph\">{\"@context\":\"https:\\\/\\\/schema.org\",\"@graph\":[{\"@type\":\"WebPage\",\"@id\":\"https:\\\/\\\/symphonie-sucree.com\\\/en\\\/elements\\\/menu-item\",\"url\":\"https:\\\/\\\/symphonie-sucree.com\\\/en\\\/elements\\\/menu-item\",\"name\":\"Menu Item - Symphonie Sucr\u00e9e\",\"isPartOf\":{\"@id\":\"https:\\\/\\\/symphonie-sucree.com\\\/en#website\"},\"datePublished\":\"2017-11-03T15:18:49+00:00\",\"dateModified\":\"2024-09-27T14:14:54+00:00\",\"breadcrumb\":{\"@id\":\"https:\\\/\\\/symphonie-sucree.com\\\/en\\\/elements\\\/menu-item#breadcrumb\"},\"inLanguage\":\"en-US\",\"potentialAction\":[{\"@type\":\"ReadAction\",\"target\":[\"https:\\\/\\\/symphonie-sucree.com\\\/en\\\/elements\\\/menu-item\"]}]},{\"@type\":\"BreadcrumbList\",\"@id\":\"https:\\\/\\\/symphonie-sucree.com\\\/en\\\/elements\\\/menu-item#breadcrumb\",\"itemListElement\":[{\"@type\":\"ListItem\",\"position\":1,\"name\":\"Home\",\"item\":\"https:\\\/\\\/symphonie-sucree.com\\\/en\"},{\"@type\":\"ListItem\",\"position\":2,\"name\":\"Elements\",\"item\":\"https:\\\/\\\/symphonie-sucree.com\\\/en\\\/elements\"},{\"@type\":\"ListItem\",\"position\":3,\"name\":\"Menu Item\"}]},{\"@type\":\"WebSite\",\"@id\":\"https:\\\/\\\/symphonie-sucree.com\\\/en#website\",\"url\":\"https:\\\/\\\/symphonie-sucree.com\\\/en\",\"name\":\"Symphonie Sucre\",\"description\":\"Caf\u00e9 et p\u00e2tisserie artisanale \u00e0 Longueuil\",\"publisher\":{\"@id\":\"https:\\\/\\\/symphonie-sucree.com\\\/en#organization\"},\"potentialAction\":[{\"@type\":\"SearchAction\",\"target\":{\"@type\":\"EntryPoint\",\"urlTemplate\":\"https:\\\/\\\/symphonie-sucree.com\\\/en?s={search_term_string}\"},\"query-input\":{\"@type\":\"PropertyValueSpecification\",\"valueRequired\":true,\"valueName\":\"search_term_string\"}}],\"inLanguage\":\"en-US\"},{\"@type\":\"Organization\",\"@id\":\"https:\\\/\\\/symphonie-sucree.com\\\/en#organization\",\"name\":\"Symphonie Sucre\",\"url\":\"https:\\\/\\\/symphonie-sucree.com\\\/en\",\"logo\":{\"@type\":\"ImageObject\",\"inLanguage\":\"en-US\",\"@id\":\"https:\\\/\\\/symphonie-sucree.com\\\/en#\\\/schema\\\/logo\\\/image\\\/\",\"url\":\"https:\\\/\\\/symphonie-sucree.com\\\/wp-content\\\/uploads\\\/2024\\\/08\\\/logo_caramel_rond.png\",\"contentUrl\":\"https:\\\/\\\/symphonie-sucree.com\\\/wp-content\\\/uploads\\\/2024\\\/08\\\/logo_caramel_rond.png\",\"width\":661,\"height\":661,\"caption\":\"Symphonie Sucre\"},\"image\":{\"@id\":\"https:\\\/\\\/symphonie-sucree.com\\\/en#\\\/schema\\\/logo\\\/image\\\/\"},\"sameAs\":[\"https:\\\/\\\/www.facebook.com\\\/symphoniesucree\",\"https:\\\/\\\/www.instagram.com\\\/symphonie.sucree\\\/\"]}]}<\/script>\n<!-- \/ Yoast SEO plugin. -->","yoast_head_json":{"title":"Menu Item - Symphonie Sucr\u00e9e","robots":{"index":"index","follow":"follow","max-snippet":"max-snippet:-1","max-image-preview":"max-image-preview:large","max-video-preview":"max-video-preview:-1"},"canonical":"https:\/\/symphonie-sucree.com\/en\/elements\/menu-item","og_locale":"en_US","og_type":"article","og_title":"Menu Item - Symphonie Sucr\u00e9e","og_description":"[vc_section content_layout=&#8221;full&#8221; animation_delay=&#8221;&#8221; disable=&#8221;&#8221; id=&#8221;&#8221; class=&#8221;&#8221; bg_type=&#8221;image&#8221; bg_image=&#8221;&#8221; color_overlay=&#8221;&#8221; enable_parallax=&#8221;&#8221; enable_pattern=&#8221;&#8221;][vc_row content_layout=&#8221;boxed&#8221; equal_height=&#8221;&#8221; animation_delay=&#8221;&#8221; disable=&#8221;&#8221; id=&#8221;&#8221; class=&#8221;&#8221; bg_type=&#8221;image&#8221; bg_image=&#8221;&#8221; color_overlay=&#8221;&#8221; enable_parallax=&#8221;&#8221; enable_pattern=&#8221;&#8221;][vc_column layout=&#8221;normal&#8221; vertical_align=&#8221;auto&#8221; animation_delay=&#8221;&#8221;][\/vc_column][\/vc_row][\/vc_section][vc_section content_layout=&#8221;full&#8221; animation_delay=&#8221;&#8221; disable=&#8221;&#8221; id=&#8221;&#8221; class=&#8221;&#8221; bg_type=&#8221;image&#8221; bg_image=&#8221;&#8221; color_overlay=&#8221;&#8221; enable_parallax=&#8221;&#8221; enable_pattern=&#8221;&#8221; css=&#8221;.vc_custom_1510239161172{margin-bottom: 40px !important;}&#8221;][vc_row content_layout=&#8221;boxed&#8221; equal_height=&#8221;&#8221; animation_delay=&#8221;&#8221; disable=&#8221;&#8221; id=&#8221;&#8221; class=&#8221;&#8221; bg_type=&#8221;image&#8221; bg_image=&#8221;&#8221; color_overlay=&#8221;&#8221; enable_parallax=&#8221;&#8221; enable_pattern=&#8221;&#8221;][vc_column layout=&#8221;normal&#8221; vertical_align=&#8221;auto&#8221; animation_delay=&#8221;&#8221; width=&#8221;1\/2&#8243;][\/vc_column][vc_column layout=&#8221;normal&#8221; vertical_align=&#8221;auto&#8221; [&hellip;]","og_url":"https:\/\/symphonie-sucree.com\/en\/elements\/menu-item","og_site_name":"Symphonie Sucr\u00e9e","article_publisher":"https:\/\/www.facebook.com\/symphoniesucree","article_modified_time":"2024-09-27T14:14:54+00:00","twitter_card":"summary_large_image","twitter_misc":{"Est. reading time":"3 minutes"},"schema":{"@context":"https:\/\/schema.org","@graph":[{"@type":"WebPage","@id":"https:\/\/symphonie-sucree.com\/en\/elements\/menu-item","url":"https:\/\/symphonie-sucree.com\/en\/elements\/menu-item","name":"Menu Item - Symphonie Sucr\u00e9e","isPartOf":{"@id":"https:\/\/symphonie-sucree.com\/en#website"},"datePublished":"2017-11-03T15:18:49+00:00","dateModified":"2024-09-27T14:14:54+00:00","breadcrumb":{"@id":"https:\/\/symphonie-sucree.com\/en\/elements\/menu-item#breadcrumb"},"inLanguage":"en-US","potentialAction":[{"@type":"ReadAction","target":["https:\/\/symphonie-sucree.com\/en\/elements\/menu-item"]}]},{"@type":"BreadcrumbList","@id":"https:\/\/symphonie-sucree.com\/en\/elements\/menu-item#breadcrumb","itemListElement":[{"@type":"ListItem","position":1,"name":"Home","item":"https:\/\/symphonie-sucree.com\/en"},{"@type":"ListItem","position":2,"name":"Elements","item":"https:\/\/symphonie-sucree.com\/en\/elements"},{"@type":"ListItem","position":3,"name":"Menu Item"}]},{"@type":"WebSite","@id":"https:\/\/symphonie-sucree.com\/en#website","url":"https:\/\/symphonie-sucree.com\/en","name":"Symphonie Sucre","description":"Caf\u00e9 et p\u00e2tisserie artisanale \u00e0 Longueuil","publisher":{"@id":"https:\/\/symphonie-sucree.com\/en#organization"},"potentialAction":[{"@type":"SearchAction","target":{"@type":"EntryPoint","urlTemplate":"https:\/\/symphonie-sucree.com\/en?s={search_term_string}"},"query-input":{"@type":"PropertyValueSpecification","valueRequired":true,"valueName":"search_term_string"}}],"inLanguage":"en-US"},{"@type":"Organization","@id":"https:\/\/symphonie-sucree.com\/en#organization","name":"Symphonie Sucre","url":"https:\/\/symphonie-sucree.com\/en","logo":{"@type":"ImageObject","inLanguage":"en-US","@id":"https:\/\/symphonie-sucree.com\/en#\/schema\/logo\/image\/","url":"https:\/\/symphonie-sucree.com\/wp-content\/uploads\/2024\/08\/logo_caramel_rond.png","contentUrl":"https:\/\/symphonie-sucree.com\/wp-content\/uploads\/2024\/08\/logo_caramel_rond.png","width":661,"height":661,"caption":"Symphonie Sucre"},"image":{"@id":"https:\/\/symphonie-sucree.com\/en#\/schema\/logo\/image\/"},"sameAs":["https:\/\/www.facebook.com\/symphoniesucree","https:\/\/www.instagram.com\/symphonie.sucree\/"]}]}},"_links":{"self":[{"href":"https:\/\/symphonie-sucree.com\/en\/wp-json\/wp\/v2\/pages\/2745","targetHints":{"allow":["GET"]}}],"collection":[{"href":"https:\/\/symphonie-sucree.com\/en\/wp-json\/wp\/v2\/pages"}],"about":[{"href":"https:\/\/symphonie-sucree.com\/en\/wp-json\/wp\/v2\/types\/page"}],"author":[{"embeddable":true,"href":"https:\/\/symphonie-sucree.com\/en\/wp-json\/wp\/v2\/users\/1"}],"replies":[{"embeddable":true,"href":"https:\/\/symphonie-sucree.com\/en\/wp-json\/wp\/v2\/comments?post=2745"}],"version-history":[{"count":2,"href":"https:\/\/symphonie-sucree.com\/en\/wp-json\/wp\/v2\/pages\/2745\/revisions"}],"predecessor-version":[{"id":2749,"href":"https:\/\/symphonie-sucree.com\/en\/wp-json\/wp\/v2\/pages\/2745\/revisions\/2749"}],"up":[{"embeddable":true,"href":"https:\/\/symphonie-sucree.com\/en\/wp-json\/wp\/v2\/pages\/2734"}],"wp:attachment":[{"href":"https:\/\/symphonie-sucree.com\/en\/wp-json\/wp\/v2\/media?parent=2745"}],"curies":[{"name":"wp","href":"https:\/\/api.w.org\/{rel}","templated":true}]}}